{"id":77,"date":"2013-02-15T10:24:01","date_gmt":"2013-02-15T10:24:01","guid":{"rendered":"http:\/\/ns1.web2.ee\/~rotary\/?page_id=77"},"modified":"2013-05-03T16:01:06","modified_gmt":"2013-05-03T13:01:06","slug":"suvevahetus","status":"publish","type":"page","link":"https:\/\/rotary.ee\/tallinn\/noorsoovahetus\/suvevahetus\/","title":{"rendered":"Suvevahetus"},"content":{"rendered":"<p>&nbsp;<\/p>\n<p style=\"text-align: justify;\"><span style=\"font-family: arial,helvetica,sans-serif; font-size: 12px;\">Suvevahetus on m\u00f5eldud noortele vanuses 15-20 aastat. Juunis s\u00f5idab\u00a0 meie noor kuuks ajaks v\u00e4lismaale (USA, Kanada v\u00f5i m\u00f5ni Euroopa riik) ja naaseb sealt vastuv\u00f5tva pere liikmega, kes veedab teise kuu tema juures kodus. Kokkuleppel v\u00f5ib ka vastupidi.<\/span><\/p>\n","protected":false},"excerpt":{"rendered":"<p>&nbsp; Suvevahetus on m\u00f5eldud noortele vanuses 15-20 aastat. Juunis s\u00f5idab\u00a0 meie noor kuuks ajaks v\u00e4lismaale (USA, Kanada v\u00f5i m\u00f5ni Euroopa riik) ja naaseb sealt vastuv\u00f5tva pere liikmega, kes veedab teise kuu tema juures kodus. Kokkuleppel v\u00f5ib ka vastupidi.<\/p>\n","protected":false},"author":1,"featured_media":0,"parent":72,"menu_order":0,"comment_status":"open","ping_status":"open","template":"","meta":{"ngg_post_thumbnail":0,"footnotes":""},"class_list":["post-77","page","type-page","status-publish","hentry"],"yoast_head":"<!-- This site is optimized with the Yoast SEO plugin v24.2 - https:\/\/yoast.com\/wordpress\/plugins\/seo\/ -->\n<title>Suvevahetus - Tallinna Rotary Klubi<\/title>\n<meta name=\"robots\" content=\"index, follow, max-snippet:-1, max-image-preview:large, max-video-preview:-1\" \/>\n<link rel=\"canonical\" href=\"https:\/\/rotary.ee\/tallinn\/noorsoovahetus\/suvevahetus\/\" \/>\n<meta property=\"og:locale\" content=\"et_EE\" \/>\n<meta property=\"og:type\" content=\"article\" \/>\n<meta property=\"og:title\" content=\"Suvevahetus - Tallinna Rotary Klubi\" \/>\n<meta property=\"og:description\" content=\"&nbsp; Suvevahetus on m\u00f5eldud noortele vanuses 15-20 aastat. Juunis s\u00f5idab\u00a0 meie noor kuuks ajaks v\u00e4lismaale (USA, Kanada v\u00f5i m\u00f5ni Euroopa riik) ja naaseb sealt vastuv\u00f5tva pere liikmega, kes veedab teise kuu tema juures kodus. Kokkuleppel v\u00f5ib ka vastupidi.\" \/>\n<meta property=\"og:url\" content=\"https:\/\/rotary.ee\/tallinn\/noorsoovahetus\/suvevahetus\/\" \/>\n<meta property=\"og:site_name\" content=\"Tallinna Rotary Klubi\" \/>\n<meta property=\"article:modified_time\" content=\"2013-05-03T13:01:06+00:00\" \/>\n<meta name=\"twitter:card\" content=\"summary_large_image\" \/>\n<script type=\"application\/ld+json\" class=\"yoast-schema-graph\">{\"@context\":\"https:\/\/schema.org\",\"@graph\":[{\"@type\":\"WebPage\",\"@id\":\"https:\/\/rotary.ee\/tallinn\/noorsoovahetus\/suvevahetus\/\",\"url\":\"https:\/\/rotary.ee\/tallinn\/noorsoovahetus\/suvevahetus\/\",\"name\":\"Suvevahetus - Tallinna Rotary Klubi\",\"isPartOf\":{\"@id\":\"https:\/\/rotary.ee\/tallinn\/#website\"},\"datePublished\":\"2013-02-15T10:24:01+00:00\",\"dateModified\":\"2013-05-03T13:01:06+00:00\",\"breadcrumb\":{\"@id\":\"https:\/\/rotary.ee\/tallinn\/noorsoovahetus\/suvevahetus\/#breadcrumb\"},\"inLanguage\":\"et\",\"potentialAction\":[{\"@type\":\"ReadAction\",\"target\":[\"https:\/\/rotary.ee\/tallinn\/noorsoovahetus\/suvevahetus\/\"]}]},{\"@type\":\"BreadcrumbList\",\"@id\":\"https:\/\/rotary.ee\/tallinn\/noorsoovahetus\/suvevahetus\/#breadcrumb\",\"itemListElement\":[{\"@type\":\"ListItem\",\"position\":1,\"name\":\"Home\",\"item\":\"https:\/\/rotary.ee\/tallinn\/\"},{\"@type\":\"ListItem\",\"position\":2,\"name\":\"Noorsoovahetus\",\"item\":\"https:\/\/rotary.ee\/tallinn\/noorsoovahetus\/\"},{\"@type\":\"ListItem\",\"position\":3,\"name\":\"Suvevahetus\"}]},{\"@type\":\"WebSite\",\"@id\":\"https:\/\/rotary.ee\/tallinn\/#website\",\"url\":\"https:\/\/rotary.ee\/tallinn\/\",\"name\":\"Tallinna Rotary Klubi\",\"description\":\"Tallinna Rotary Klubi\",\"publisher\":{\"@id\":\"https:\/\/rotary.ee\/tallinn\/#organization\"},\"potentialAction\":[{\"@type\":\"SearchAction\",\"target\":{\"@type\":\"EntryPoint\",\"urlTemplate\":\"https:\/\/rotary.ee\/tallinn\/?s={search_term_string}\"},\"query-input\":{\"@type\":\"PropertyValueSpecification\",\"valueRequired\":true,\"valueName\":\"search_term_string\"}}],\"inLanguage\":\"et\"},{\"@type\":\"Organization\",\"@id\":\"https:\/\/rotary.ee\/tallinn\/#organization\",\"name\":\"Tallinna Rotary Klubi\",\"url\":\"https:\/\/rotary.ee\/tallinn\/\",\"logo\":{\"@type\":\"ImageObject\",\"inLanguage\":\"et\",\"@id\":\"https:\/\/rotary.ee\/tallinn\/#\/schema\/logo\/image\/\",\"url\":\"https:\/\/rotary.ee\/tallinn\/wp-content\/uploads\/2024\/09\/Rotary-Logo_Tallinn-e1725572896108.png\",\"contentUrl\":\"https:\/\/rotary.ee\/tallinn\/wp-content\/uploads\/2024\/09\/Rotary-Logo_Tallinn-e1725572896108.png\",\"width\":1000,\"height\":1000,\"caption\":\"Tallinna Rotary Klubi\"},\"image\":{\"@id\":\"https:\/\/rotary.ee\/tallinn\/#\/schema\/logo\/image\/\"}}]}<\/script>\n<!-- \/ Yoast SEO plugin. -->","yoast_head_json":{"title":"Suvevahetus - Tallinna Rotary Klubi","robots":{"index":"index","follow":"follow","max-snippet":"max-snippet:-1","max-image-preview":"max-image-preview:large","max-video-preview":"max-video-preview:-1"},"canonical":"https:\/\/rotary.ee\/tallinn\/noorsoovahetus\/suvevahetus\/","og_locale":"et_EE","og_type":"article","og_title":"Suvevahetus - Tallinna Rotary Klubi","og_description":"&nbsp; Suvevahetus on m\u00f5eldud noortele vanuses 15-20 aastat. Juunis s\u00f5idab\u00a0 meie noor kuuks ajaks v\u00e4lismaale (USA, Kanada v\u00f5i m\u00f5ni Euroopa riik) ja naaseb sealt vastuv\u00f5tva pere liikmega, kes veedab teise kuu tema juures kodus. Kokkuleppel v\u00f5ib ka vastupidi.","og_url":"https:\/\/rotary.ee\/tallinn\/noorsoovahetus\/suvevahetus\/","og_site_name":"Tallinna Rotary Klubi","article_modified_time":"2013-05-03T13:01:06+00:00","twitter_card":"summary_large_image","schema":{"@context":"https:\/\/schema.org","@graph":[{"@type":"WebPage","@id":"https:\/\/rotary.ee\/tallinn\/noorsoovahetus\/suvevahetus\/","url":"https:\/\/rotary.ee\/tallinn\/noorsoovahetus\/suvevahetus\/","name":"Suvevahetus - Tallinna Rotary Klubi","isPartOf":{"@id":"https:\/\/rotary.ee\/tallinn\/#website"},"datePublished":"2013-02-15T10:24:01+00:00","dateModified":"2013-05-03T13:01:06+00:00","breadcrumb":{"@id":"https:\/\/rotary.ee\/tallinn\/noorsoovahetus\/suvevahetus\/#breadcrumb"},"inLanguage":"et","potentialAction":[{"@type":"ReadAction","target":["https:\/\/rotary.ee\/tallinn\/noorsoovahetus\/suvevahetus\/"]}]},{"@type":"BreadcrumbList","@id":"https:\/\/rotary.ee\/tallinn\/noorsoovahetus\/suvevahetus\/#breadcrumb","itemListElement":[{"@type":"ListItem","position":1,"name":"Home","item":"https:\/\/rotary.ee\/tallinn\/"},{"@type":"ListItem","position":2,"name":"Noorsoovahetus","item":"https:\/\/rotary.ee\/tallinn\/noorsoovahetus\/"},{"@type":"ListItem","position":3,"name":"Suvevahetus"}]},{"@type":"WebSite","@id":"https:\/\/rotary.ee\/tallinn\/#website","url":"https:\/\/rotary.ee\/tallinn\/","name":"Tallinna Rotary Klubi","description":"Tallinna Rotary Klubi","publisher":{"@id":"https:\/\/rotary.ee\/tallinn\/#organization"},"potentialAction":[{"@type":"SearchAction","target":{"@type":"EntryPoint","urlTemplate":"https:\/\/rotary.ee\/tallinn\/?s={search_term_string}"},"query-input":{"@type":"PropertyValueSpecification","valueRequired":true,"valueName":"search_term_string"}}],"inLanguage":"et"},{"@type":"Organization","@id":"https:\/\/rotary.ee\/tallinn\/#organization","name":"Tallinna Rotary Klubi","url":"https:\/\/rotary.ee\/tallinn\/","logo":{"@type":"ImageObject","inLanguage":"et","@id":"https:\/\/rotary.ee\/tallinn\/#\/schema\/logo\/image\/","url":"https:\/\/rotary.ee\/tallinn\/wp-content\/uploads\/2024\/09\/Rotary-Logo_Tallinn-e1725572896108.png","contentUrl":"https:\/\/rotary.ee\/tallinn\/wp-content\/uploads\/2024\/09\/Rotary-Logo_Tallinn-e1725572896108.png","width":1000,"height":1000,"caption":"Tallinna Rotary Klubi"},"image":{"@id":"https:\/\/rotary.ee\/tallinn\/#\/schema\/logo\/image\/"}}]}},"_links":{"self":[{"href":"https:\/\/rotary.ee\/tallinn\/wp-json\/wp\/v2\/pages\/77","targetHints":{"allow":["GET"]}}],"collection":[{"href":"https:\/\/rotary.ee\/tallinn\/wp-json\/wp\/v2\/pages"}],"about":[{"href":"https:\/\/rotary.ee\/tallinn\/wp-json\/wp\/v2\/types\/page"}],"author":[{"embeddable":true,"href":"https:\/\/rotary.ee\/tallinn\/wp-json\/wp\/v2\/users\/1"}],"replies":[{"embeddable":true,"href":"https:\/\/rotary.ee\/tallinn\/wp-json\/wp\/v2\/comments?post=77"}],"version-history":[{"count":2,"href":"https:\/\/rotary.ee\/tallinn\/wp-json\/wp\/v2\/pages\/77\/revisions"}],"predecessor-version":[{"id":434,"href":"https:\/\/rotary.ee\/tallinn\/wp-json\/wp\/v2\/pages\/77\/revisions\/434"}],"up":[{"embeddable":true,"href":"https:\/\/rotary.ee\/tallinn\/wp-json\/wp\/v2\/pages\/72"}],"wp:attachment":[{"href":"https:\/\/rotary.ee\/tallinn\/wp-json\/wp\/v2\/media?parent=77"}],"curies":[{"name":"wp","href":"https:\/\/api.w.org\/{rel}","templated":true}]}}