{"id":567,"date":"2013-05-17T11:58:10","date_gmt":"2013-05-17T08:58:10","guid":{"rendered":"http:\/\/ns1.web2.ee\/~rotary\/?page_id=567"},"modified":"2026-03-30T09:35:13","modified_gmt":"2026-03-30T06:35:13","slug":"liikmed","status":"publish","type":"page","link":"https:\/\/rotary.ee\/tallinn\/klubist\/liikmed\/","title":{"rendered":"Liikmed"},"content":{"rendered":"<p><span style=\"font-size: 18px;\">Tallinna Rotary Klubi liikmete nimekiri:&nbsp;<\/span><\/p>\n<p><span style=\"font-size: 16px;\">Arto Aas<\/span><\/p>\n<p><span style=\"font-size: 16px;\">Peep Aaviksoo, PHS<\/span><\/p>\n<p><span style=\"font-size: 16px;\">Raivo Aavisto, PHF<\/span><\/p>\n<p><span style=\"font-size: 16px;\">Margus Allikmaa<\/span><\/p>\n<p><span style=\"font-size: 16px;\">T\u00f5nis Arro<\/span><\/p>\n<p><span style=\"font-size: 16px;\">Kaido Ehasoo<\/span><\/p>\n<p><span style=\"font-size: 16px;\">Raivo Hellerma, PHF<\/span><\/p>\n<p><span style=\"font-size: 16px;\">Bo Henriksson<\/span><\/p>\n<p><span style=\"font-size: 16px;\">Paul Himma<\/span><\/p>\n<p><span style=\"font-size: 16px;\">Viktor H\u00fctt, PHF<\/span><\/p>\n<p><span style=\"font-size: 16px;\">Urmas Isok, PHF<\/span><\/p>\n<p><span style=\"font-size: 16px;\">Urmas Kaarlep, PHS<\/span><\/p>\n<p><span style=\"font-size: 16px;\">Riho Kallus<\/span><\/p>\n<p><span style=\"font-size: 16px;\">Viktor Kalnitski<\/span><\/p>\n<p><span style=\"font-size: 16px;\">Maiko Kalvet<\/span><\/p>\n<p><span style=\"font-size: 16px;\">Tiit Kuuli<\/span><\/p>\n<p><span style=\"font-size: 16px;\">Jari Kukkonen<\/span><\/p>\n<p><span style=\"font-size: 16px;\">Ain K\u00e4pp, PHF<\/span><\/p>\n<p><span style=\"font-size: 16px;\">Raivo K\u00fctt<\/span><\/p>\n<p><span style=\"font-size: 16px;\">Rein Lang<\/span><\/p>\n<p><span style=\"font-size: 16px;\">Roomet Leiger<\/span><\/p>\n<p><span style=\"font-size: 16px;\">Jaan Lindm\u00e4e, PHF<\/span><\/p>\n<p><span style=\"font-size: 16px;\">Marko Mihkleson<\/span><\/p>\n<p><span style=\"font-size: 16px;\">Sulo Muldia<\/span><\/p>\n<p><span style=\"font-size: 16px;\">Janek M\u00e4ggi<\/span><\/p>\n<p><span style=\"font-size: 16px;\">Sten Nugis<\/span><\/p>\n<p><span style=\"font-size: 16px;\">Olavi Otepalu<\/span><\/p>\n<p><span style=\"font-size: 16px;\">Veiko Paalma<\/span><\/p>\n<p><span style=\"font-size: 16px;\">Ivo Parmas<\/span><\/p>\n<p><span style=\"font-size: 16px;\">Mati Polli, PHF<\/span><\/p>\n<p><span style=\"font-size: 16px;\">Meelis Press<\/span><\/p>\n<p><span style=\"font-size: 16px;\">Heikki P\u00f5hi<\/span><\/p>\n<p><span style=\"font-size: 16px;\">Ulf Rosen<\/span><\/p>\n<p><span style=\"font-size: 16px;\">Rein Ruubel<\/span><\/p>\n<p><span style=\"font-size: 16px;\">Aarne Saluveer<\/span><\/p>\n<p><span style=\"font-size: 16px;\">Laur Sarv<\/span><\/p>\n<p><span style=\"font-size: 16px;\">Urmas Sildnik<\/span><\/p>\n<p><span style=\"font-size: 16px;\">Kaarel Suuk<\/span><\/p>\n<p><span style=\"font-size: 16px;\">Alar Tamkivi, PHF<\/span><\/p>\n<p><span style=\"font-size: 16px;\">Raivo Tamm<\/span><\/p>\n<p><span style=\"font-size: 16px;\">Gunnar Toomemets, PHF<\/span><\/p>\n<p><span style=\"font-size: 16px;\">Taavi Torgo<\/span><\/p>\n<p><span style=\"font-size: 16px;\">Jaak Ungerson, PHF<\/span><\/p>\n<p><span style=\"font-size: 16px;\">Lenno Uusk\u00fcla<\/span><\/p>\n<p><span style=\"font-size: 16px;\">Andres Valgerist, PHF<\/span><\/p>\n<p><span style=\"font-size: 16px;\">Margus Viigimaa, PHS<\/span><\/p>\n<p><span style=\"font-size: 16px;\">Rein Volt, PHF<\/span><\/p>\n","protected":false},"excerpt":{"rendered":"<p>Tallinna Rotary Klubi liikmete nimekiri:&nbsp; Arto Aas Peep Aaviksoo, PHS Raivo Aavisto, PHF Margus Allikmaa T\u00f5nis Arro Kaido Ehasoo Raivo Hellerma, PHF Bo Henriksson Paul Himma Viktor H\u00fctt, PHF Urmas Isok, PHF Urmas Kaarlep, PHS Riho Kallus Viktor Kalnitski Maiko Kalvet Tiit Kuuli Jari Kukkonen Ain K\u00e4pp, PHF Raivo K\u00fctt Rein Lang Roomet Leiger Jaan [&hellip;]<\/p>\n","protected":false},"author":1,"featured_media":0,"parent":48,"menu_order":0,"comment_status":"closed","ping_status":"open","template":"","meta":{"ngg_post_thumbnail":0,"footnotes":""},"class_list":["post-567","page","type-page","status-publish","hentry"],"yoast_head":"<!-- This site is optimized with the Yoast SEO plugin v24.2 - https:\/\/yoast.com\/wordpress\/plugins\/seo\/ -->\n<title>Liikmed - Tallinna Rotary Klubi<\/title>\n<meta name=\"robots\" content=\"index, follow, max-snippet:-1, max-image-preview:large, max-video-preview:-1\" \/>\n<link rel=\"canonical\" href=\"https:\/\/rotary.ee\/tallinn\/klubist\/liikmed\/\" \/>\n<meta property=\"og:locale\" content=\"et_EE\" \/>\n<meta property=\"og:type\" content=\"article\" \/>\n<meta property=\"og:title\" content=\"Liikmed - Tallinna Rotary Klubi\" \/>\n<meta property=\"og:description\" content=\"Tallinna Rotary Klubi liikmete nimekiri:&nbsp; Arto Aas Peep Aaviksoo, PHS Raivo Aavisto, PHF Margus Allikmaa T\u00f5nis Arro Kaido Ehasoo Raivo Hellerma, PHF Bo Henriksson Paul Himma Viktor H\u00fctt, PHF Urmas Isok, PHF Urmas Kaarlep, PHS Riho Kallus Viktor Kalnitski Maiko Kalvet Tiit Kuuli Jari Kukkonen Ain K\u00e4pp, PHF Raivo K\u00fctt Rein Lang Roomet Leiger Jaan [&hellip;]\" \/>\n<meta property=\"og:url\" content=\"https:\/\/rotary.ee\/tallinn\/klubist\/liikmed\/\" \/>\n<meta property=\"og:site_name\" content=\"Tallinna Rotary Klubi\" \/>\n<meta property=\"article:modified_time\" content=\"2026-03-30T06:35:13+00:00\" \/>\n<meta name=\"twitter:card\" content=\"summary_large_image\" \/>\n<meta name=\"twitter:label1\" content=\"Est. reading time\" \/>\n\t<meta name=\"twitter:data1\" content=\"1 minut\" \/>\n<script type=\"application\/ld+json\" class=\"yoast-schema-graph\">{\"@context\":\"https:\/\/schema.org\",\"@graph\":[{\"@type\":\"WebPage\",\"@id\":\"https:\/\/rotary.ee\/tallinn\/klubist\/liikmed\/\",\"url\":\"https:\/\/rotary.ee\/tallinn\/klubist\/liikmed\/\",\"name\":\"Liikmed - Tallinna Rotary Klubi\",\"isPartOf\":{\"@id\":\"https:\/\/rotary.ee\/tallinn\/#website\"},\"datePublished\":\"2013-05-17T08:58:10+00:00\",\"dateModified\":\"2026-03-30T06:35:13+00:00\",\"breadcrumb\":{\"@id\":\"https:\/\/rotary.ee\/tallinn\/klubist\/liikmed\/#breadcrumb\"},\"inLanguage\":\"et\",\"potentialAction\":[{\"@type\":\"ReadAction\",\"target\":[\"https:\/\/rotary.ee\/tallinn\/klubist\/liikmed\/\"]}]},{\"@type\":\"BreadcrumbList\",\"@id\":\"https:\/\/rotary.ee\/tallinn\/klubist\/liikmed\/#breadcrumb\",\"itemListElement\":[{\"@type\":\"ListItem\",\"position\":1,\"name\":\"Home\",\"item\":\"https:\/\/rotary.ee\/tallinn\/\"},{\"@type\":\"ListItem\",\"position\":2,\"name\":\"Klubist\",\"item\":\"https:\/\/rotary.ee\/tallinn\/klubist\/\"},{\"@type\":\"ListItem\",\"position\":3,\"name\":\"Liikmed\"}]},{\"@type\":\"WebSite\",\"@id\":\"https:\/\/rotary.ee\/tallinn\/#website\",\"url\":\"https:\/\/rotary.ee\/tallinn\/\",\"name\":\"Tallinna Rotary Klubi\",\"description\":\"Tallinna Rotary Klubi\",\"publisher\":{\"@id\":\"https:\/\/rotary.ee\/tallinn\/#organization\"},\"potentialAction\":[{\"@type\":\"SearchAction\",\"target\":{\"@type\":\"EntryPoint\",\"urlTemplate\":\"https:\/\/rotary.ee\/tallinn\/?s={search_term_string}\"},\"query-input\":{\"@type\":\"PropertyValueSpecification\",\"valueRequired\":true,\"valueName\":\"search_term_string\"}}],\"inLanguage\":\"et\"},{\"@type\":\"Organization\",\"@id\":\"https:\/\/rotary.ee\/tallinn\/#organization\",\"name\":\"Tallinna Rotary Klubi\",\"url\":\"https:\/\/rotary.ee\/tallinn\/\",\"logo\":{\"@type\":\"ImageObject\",\"inLanguage\":\"et\",\"@id\":\"https:\/\/rotary.ee\/tallinn\/#\/schema\/logo\/image\/\",\"url\":\"https:\/\/rotary.ee\/tallinn\/wp-content\/uploads\/2024\/09\/Rotary-Logo_Tallinn-e1725572896108.png\",\"contentUrl\":\"https:\/\/rotary.ee\/tallinn\/wp-content\/uploads\/2024\/09\/Rotary-Logo_Tallinn-e1725572896108.png\",\"width\":1000,\"height\":1000,\"caption\":\"Tallinna Rotary Klubi\"},\"image\":{\"@id\":\"https:\/\/rotary.ee\/tallinn\/#\/schema\/logo\/image\/\"}}]}<\/script>\n<!-- \/ Yoast SEO plugin. -->","yoast_head_json":{"title":"Liikmed - Tallinna Rotary Klubi","robots":{"index":"index","follow":"follow","max-snippet":"max-snippet:-1","max-image-preview":"max-image-preview:large","max-video-preview":"max-video-preview:-1"},"canonical":"https:\/\/rotary.ee\/tallinn\/klubist\/liikmed\/","og_locale":"et_EE","og_type":"article","og_title":"Liikmed - Tallinna Rotary Klubi","og_description":"Tallinna Rotary Klubi liikmete nimekiri:&nbsp; Arto Aas Peep Aaviksoo, PHS Raivo Aavisto, PHF Margus Allikmaa T\u00f5nis Arro Kaido Ehasoo Raivo Hellerma, PHF Bo Henriksson Paul Himma Viktor H\u00fctt, PHF Urmas Isok, PHF Urmas Kaarlep, PHS Riho Kallus Viktor Kalnitski Maiko Kalvet Tiit Kuuli Jari Kukkonen Ain K\u00e4pp, PHF Raivo K\u00fctt Rein Lang Roomet Leiger Jaan [&hellip;]","og_url":"https:\/\/rotary.ee\/tallinn\/klubist\/liikmed\/","og_site_name":"Tallinna Rotary Klubi","article_modified_time":"2026-03-30T06:35:13+00:00","twitter_card":"summary_large_image","twitter_misc":{"Est. reading time":"1 minut"},"schema":{"@context":"https:\/\/schema.org","@graph":[{"@type":"WebPage","@id":"https:\/\/rotary.ee\/tallinn\/klubist\/liikmed\/","url":"https:\/\/rotary.ee\/tallinn\/klubist\/liikmed\/","name":"Liikmed - Tallinna Rotary Klubi","isPartOf":{"@id":"https:\/\/rotary.ee\/tallinn\/#website"},"datePublished":"2013-05-17T08:58:10+00:00","dateModified":"2026-03-30T06:35:13+00:00","breadcrumb":{"@id":"https:\/\/rotary.ee\/tallinn\/klubist\/liikmed\/#breadcrumb"},"inLanguage":"et","potentialAction":[{"@type":"ReadAction","target":["https:\/\/rotary.ee\/tallinn\/klubist\/liikmed\/"]}]},{"@type":"BreadcrumbList","@id":"https:\/\/rotary.ee\/tallinn\/klubist\/liikmed\/#breadcrumb","itemListElement":[{"@type":"ListItem","position":1,"name":"Home","item":"https:\/\/rotary.ee\/tallinn\/"},{"@type":"ListItem","position":2,"name":"Klubist","item":"https:\/\/rotary.ee\/tallinn\/klubist\/"},{"@type":"ListItem","position":3,"name":"Liikmed"}]},{"@type":"WebSite","@id":"https:\/\/rotary.ee\/tallinn\/#website","url":"https:\/\/rotary.ee\/tallinn\/","name":"Tallinna Rotary Klubi","description":"Tallinna Rotary Klubi","publisher":{"@id":"https:\/\/rotary.ee\/tallinn\/#organization"},"potentialAction":[{"@type":"SearchAction","target":{"@type":"EntryPoint","urlTemplate":"https:\/\/rotary.ee\/tallinn\/?s={search_term_string}"},"query-input":{"@type":"PropertyValueSpecification","valueRequired":true,"valueName":"search_term_string"}}],"inLanguage":"et"},{"@type":"Organization","@id":"https:\/\/rotary.ee\/tallinn\/#organization","name":"Tallinna Rotary Klubi","url":"https:\/\/rotary.ee\/tallinn\/","logo":{"@type":"ImageObject","inLanguage":"et","@id":"https:\/\/rotary.ee\/tallinn\/#\/schema\/logo\/image\/","url":"https:\/\/rotary.ee\/tallinn\/wp-content\/uploads\/2024\/09\/Rotary-Logo_Tallinn-e1725572896108.png","contentUrl":"https:\/\/rotary.ee\/tallinn\/wp-content\/uploads\/2024\/09\/Rotary-Logo_Tallinn-e1725572896108.png","width":1000,"height":1000,"caption":"Tallinna Rotary Klubi"},"image":{"@id":"https:\/\/rotary.ee\/tallinn\/#\/schema\/logo\/image\/"}}]}},"_links":{"self":[{"href":"https:\/\/rotary.ee\/tallinn\/wp-json\/wp\/v2\/pages\/567","targetHints":{"allow":["GET"]}}],"collection":[{"href":"https:\/\/rotary.ee\/tallinn\/wp-json\/wp\/v2\/pages"}],"about":[{"href":"https:\/\/rotary.ee\/tallinn\/wp-json\/wp\/v2\/types\/page"}],"author":[{"embeddable":true,"href":"https:\/\/rotary.ee\/tallinn\/wp-json\/wp\/v2\/users\/1"}],"replies":[{"embeddable":true,"href":"https:\/\/rotary.ee\/tallinn\/wp-json\/wp\/v2\/comments?post=567"}],"version-history":[{"count":60,"href":"https:\/\/rotary.ee\/tallinn\/wp-json\/wp\/v2\/pages\/567\/revisions"}],"predecessor-version":[{"id":3958,"href":"https:\/\/rotary.ee\/tallinn\/wp-json\/wp\/v2\/pages\/567\/revisions\/3958"}],"up":[{"embeddable":true,"href":"https:\/\/rotary.ee\/tallinn\/wp-json\/wp\/v2\/pages\/48"}],"wp:attachment":[{"href":"https:\/\/rotary.ee\/tallinn\/wp-json\/wp\/v2\/media?parent=567"}],"curies":[{"name":"wp","href":"https:\/\/api.w.org\/{rel}","templated":true}]}}