{"id":48,"date":"2013-02-15T10:16:49","date_gmt":"2013-02-15T10:16:49","guid":{"rendered":"http:\/\/ns1.web2.ee\/~rotary\/?page_id=48"},"modified":"2013-10-25T09:38:02","modified_gmt":"2013-10-25T06:38:02","slug":"klubist","status":"publish","type":"page","link":"https:\/\/rotary.ee\/tallinn\/klubist\/","title":{"rendered":"Klubist"},"content":{"rendered":"<p>Tallinna Rotary Klubi on asutatud <b>2. augustil 1930<\/b>, mil klubi v\u00f5eti Rotary Internationali liikmeks. Klubi charter-presidendiks oli <b>Johan Laidoner<\/b> ja esimeseks asepresidendiks\u00a0<b>Konstantin P\u00e4ts<\/b>. Charter<i>&#8211;<\/i>pidu toimus reedel 23. jaanuaril 1931 Seltskondlikus Majas, Aia tn 12. Samas majas hakati kogunema igal reedel\u00a0n\u00e4dalakoosolekule.<\/p>\n<p>&nbsp;<\/p>\n<p>Taaslevima hakkasid esimesed teadmised rotary-liikumisest 1988.-89. aastatel. T\u00e4nane klubi oli juba 1989.a Rotary Internationali tingimustele vastav. Alates aprillist 1989 toimusid restoranis \u201cReeder\u201d igal neljap\u00e4eval asutatava rotary-klubi tasemel koosolekud.<\/p>\n<p>&nbsp;<\/p>\n<p>Tallinna Rotary Klubi\u00a0v\u00f5eti<b>\u00a005. m\u00e4rtsil 1991<\/b>\u00a0Rotary Internationali liikmeks j\u00e4rjekorranumbriga 27853. Charter-pidu toimus p\u00fchap\u00e4eval 05. mail 1991 restoranis \u201cAstoria\u201d. Charter-kirja andis charter-president Raivo Hellermale \u00fcle RI president Paolo V.C. Costa.<\/p>\n<p>&nbsp;<\/p>\n<p>RI president Carl-Wilhelm Stenhammar allkirjastas 21. septembril 2005 Tallinna Rotary Klubi uue sertifikaadi, millel on klubi asutamiskuup\u00e4evaks m\u00e4rgitud <b>02. august 1930 <\/b>RI presidendi Almon E. Roth\u2019i presidentuuri ajal. Sellega oli taastatud ajalooline j\u00e4rjepidevus s\u00f5jaeelse rotary-liikumisega.<\/p>\n","protected":false},"excerpt":{"rendered":"<p>Tallinna Rotary Klubi on asutatud 2. augustil 1930, mil klubi v\u00f5eti Rotary Internationali liikmeks.<\/p>\n<p>Klubi charter-presidendiks oli Johan Laidoner ja esimeseks asepresidendiks Konstantin P\u00e4ts.<\/p>\n<p>Charter-pidu toimus reedel 23. jaanuaril 1931. aastal Seltskondlikus Majas, Aia tn 12. Samas majas hakati kogunema igal reedel n\u00e4dalakoosolekule.<\/p>\n","protected":false},"author":1,"featured_media":294,"parent":0,"menu_order":1,"comment_status":"open","ping_status":"open","template":"","meta":{"ngg_post_thumbnail":0,"footnotes":""},"class_list":["post-48","page","type-page","status-publish","has-post-thumbnail","hentry"],"yoast_head":"<!-- This site is optimized with the Yoast SEO plugin v24.2 - https:\/\/yoast.com\/wordpress\/plugins\/seo\/ -->\n<title>Klubist - Tallinna Rotary Klubi<\/title>\n<meta name=\"robots\" content=\"index, follow, max-snippet:-1, max-image-preview:large, max-video-preview:-1\" \/>\n<link rel=\"canonical\" href=\"https:\/\/rotary.ee\/tallinn\/klubist\/\" \/>\n<meta property=\"og:locale\" content=\"et_EE\" \/>\n<meta property=\"og:type\" content=\"article\" \/>\n<meta property=\"og:title\" content=\"Klubist - Tallinna Rotary Klubi\" \/>\n<meta property=\"og:description\" content=\"Tallinna Rotary Klubi on asutatud 2. augustil 1930, mil klubi v\u00f5eti Rotary Internationali liikmeks.  Klubi charter-presidendiks oli Johan Laidoner ja esimeseks asepresidendiks Konstantin P\u00e4ts.  Charter-pidu toimus reedel 23. jaanuaril 1931. aastal Seltskondlikus Majas, Aia tn 12. Samas majas hakati kogunema igal reedel n\u00e4dalakoosolekule.\" \/>\n<meta property=\"og:url\" content=\"https:\/\/rotary.ee\/tallinn\/klubist\/\" \/>\n<meta property=\"og:site_name\" content=\"Tallinna Rotary Klubi\" \/>\n<meta property=\"article:modified_time\" content=\"2013-10-25T06:38:02+00:00\" \/>\n<meta property=\"og:image\" content=\"https:\/\/rotary.ee\/tallinn\/wp-content\/uploads\/2013\/02\/rotary11.jpg\" \/>\n\t<meta property=\"og:image:width\" content=\"330\" \/>\n\t<meta property=\"og:image:height\" content=\"220\" \/>\n\t<meta property=\"og:image:type\" content=\"image\/jpeg\" \/>\n<meta name=\"twitter:card\" content=\"summary_large_image\" \/>\n<meta name=\"twitter:label1\" content=\"Est. reading time\" \/>\n\t<meta name=\"twitter:data1\" content=\"1 minut\" \/>\n<script type=\"application\/ld+json\" class=\"yoast-schema-graph\">{\"@context\":\"https:\/\/schema.org\",\"@graph\":[{\"@type\":\"WebPage\",\"@id\":\"https:\/\/rotary.ee\/tallinn\/klubist\/\",\"url\":\"https:\/\/rotary.ee\/tallinn\/klubist\/\",\"name\":\"Klubist - Tallinna Rotary Klubi\",\"isPartOf\":{\"@id\":\"https:\/\/rotary.ee\/tallinn\/#website\"},\"primaryImageOfPage\":{\"@id\":\"https:\/\/rotary.ee\/tallinn\/klubist\/#primaryimage\"},\"image\":{\"@id\":\"https:\/\/rotary.ee\/tallinn\/klubist\/#primaryimage\"},\"thumbnailUrl\":\"https:\/\/rotary.ee\/tallinn\/wp-content\/uploads\/2013\/02\/rotary11.jpg\",\"datePublished\":\"2013-02-15T10:16:49+00:00\",\"dateModified\":\"2013-10-25T06:38:02+00:00\",\"breadcrumb\":{\"@id\":\"https:\/\/rotary.ee\/tallinn\/klubist\/#breadcrumb\"},\"inLanguage\":\"et\",\"potentialAction\":[{\"@type\":\"ReadAction\",\"target\":[\"https:\/\/rotary.ee\/tallinn\/klubist\/\"]}]},{\"@type\":\"ImageObject\",\"inLanguage\":\"et\",\"@id\":\"https:\/\/rotary.ee\/tallinn\/klubist\/#primaryimage\",\"url\":\"https:\/\/rotary.ee\/tallinn\/wp-content\/uploads\/2013\/02\/rotary11.jpg\",\"contentUrl\":\"https:\/\/rotary.ee\/tallinn\/wp-content\/uploads\/2013\/02\/rotary11.jpg\",\"width\":330,\"height\":220},{\"@type\":\"BreadcrumbList\",\"@id\":\"https:\/\/rotary.ee\/tallinn\/klubist\/#breadcrumb\",\"itemListElement\":[{\"@type\":\"ListItem\",\"position\":1,\"name\":\"Home\",\"item\":\"https:\/\/rotary.ee\/tallinn\/\"},{\"@type\":\"ListItem\",\"position\":2,\"name\":\"Klubist\"}]},{\"@type\":\"WebSite\",\"@id\":\"https:\/\/rotary.ee\/tallinn\/#website\",\"url\":\"https:\/\/rotary.ee\/tallinn\/\",\"name\":\"Tallinna Rotary Klubi\",\"description\":\"Tallinna Rotary Klubi\",\"publisher\":{\"@id\":\"https:\/\/rotary.ee\/tallinn\/#organization\"},\"potentialAction\":[{\"@type\":\"SearchAction\",\"target\":{\"@type\":\"EntryPoint\",\"urlTemplate\":\"https:\/\/rotary.ee\/tallinn\/?s={search_term_string}\"},\"query-input\":{\"@type\":\"PropertyValueSpecification\",\"valueRequired\":true,\"valueName\":\"search_term_string\"}}],\"inLanguage\":\"et\"},{\"@type\":\"Organization\",\"@id\":\"https:\/\/rotary.ee\/tallinn\/#organization\",\"name\":\"Tallinna Rotary Klubi\",\"url\":\"https:\/\/rotary.ee\/tallinn\/\",\"logo\":{\"@type\":\"ImageObject\",\"inLanguage\":\"et\",\"@id\":\"https:\/\/rotary.ee\/tallinn\/#\/schema\/logo\/image\/\",\"url\":\"https:\/\/rotary.ee\/tallinn\/wp-content\/uploads\/2024\/09\/Rotary-Logo_Tallinn-e1725572896108.png\",\"contentUrl\":\"https:\/\/rotary.ee\/tallinn\/wp-content\/uploads\/2024\/09\/Rotary-Logo_Tallinn-e1725572896108.png\",\"width\":1000,\"height\":1000,\"caption\":\"Tallinna Rotary Klubi\"},\"image\":{\"@id\":\"https:\/\/rotary.ee\/tallinn\/#\/schema\/logo\/image\/\"}}]}<\/script>\n<!-- \/ Yoast SEO plugin. -->","yoast_head_json":{"title":"Klubist - Tallinna Rotary Klubi","robots":{"index":"index","follow":"follow","max-snippet":"max-snippet:-1","max-image-preview":"max-image-preview:large","max-video-preview":"max-video-preview:-1"},"canonical":"https:\/\/rotary.ee\/tallinn\/klubist\/","og_locale":"et_EE","og_type":"article","og_title":"Klubist - Tallinna Rotary Klubi","og_description":"Tallinna Rotary Klubi on asutatud 2. augustil 1930, mil klubi v\u00f5eti Rotary Internationali liikmeks.  Klubi charter-presidendiks oli Johan Laidoner ja esimeseks asepresidendiks Konstantin P\u00e4ts.  Charter-pidu toimus reedel 23. jaanuaril 1931. aastal Seltskondlikus Majas, Aia tn 12. Samas majas hakati kogunema igal reedel n\u00e4dalakoosolekule.","og_url":"https:\/\/rotary.ee\/tallinn\/klubist\/","og_site_name":"Tallinna Rotary Klubi","article_modified_time":"2013-10-25T06:38:02+00:00","og_image":[{"width":330,"height":220,"url":"https:\/\/rotary.ee\/tallinn\/wp-content\/uploads\/2013\/02\/rotary11.jpg","type":"image\/jpeg"}],"twitter_card":"summary_large_image","twitter_misc":{"Est. reading time":"1 minut"},"schema":{"@context":"https:\/\/schema.org","@graph":[{"@type":"WebPage","@id":"https:\/\/rotary.ee\/tallinn\/klubist\/","url":"https:\/\/rotary.ee\/tallinn\/klubist\/","name":"Klubist - Tallinna Rotary Klubi","isPartOf":{"@id":"https:\/\/rotary.ee\/tallinn\/#website"},"primaryImageOfPage":{"@id":"https:\/\/rotary.ee\/tallinn\/klubist\/#primaryimage"},"image":{"@id":"https:\/\/rotary.ee\/tallinn\/klubist\/#primaryimage"},"thumbnailUrl":"https:\/\/rotary.ee\/tallinn\/wp-content\/uploads\/2013\/02\/rotary11.jpg","datePublished":"2013-02-15T10:16:49+00:00","dateModified":"2013-10-25T06:38:02+00:00","breadcrumb":{"@id":"https:\/\/rotary.ee\/tallinn\/klubist\/#breadcrumb"},"inLanguage":"et","potentialAction":[{"@type":"ReadAction","target":["https:\/\/rotary.ee\/tallinn\/klubist\/"]}]},{"@type":"ImageObject","inLanguage":"et","@id":"https:\/\/rotary.ee\/tallinn\/klubist\/#primaryimage","url":"https:\/\/rotary.ee\/tallinn\/wp-content\/uploads\/2013\/02\/rotary11.jpg","contentUrl":"https:\/\/rotary.ee\/tallinn\/wp-content\/uploads\/2013\/02\/rotary11.jpg","width":330,"height":220},{"@type":"BreadcrumbList","@id":"https:\/\/rotary.ee\/tallinn\/klubist\/#breadcrumb","itemListElement":[{"@type":"ListItem","position":1,"name":"Home","item":"https:\/\/rotary.ee\/tallinn\/"},{"@type":"ListItem","position":2,"name":"Klubist"}]},{"@type":"WebSite","@id":"https:\/\/rotary.ee\/tallinn\/#website","url":"https:\/\/rotary.ee\/tallinn\/","name":"Tallinna Rotary Klubi","description":"Tallinna Rotary Klubi","publisher":{"@id":"https:\/\/rotary.ee\/tallinn\/#organization"},"potentialAction":[{"@type":"SearchAction","target":{"@type":"EntryPoint","urlTemplate":"https:\/\/rotary.ee\/tallinn\/?s={search_term_string}"},"query-input":{"@type":"PropertyValueSpecification","valueRequired":true,"valueName":"search_term_string"}}],"inLanguage":"et"},{"@type":"Organization","@id":"https:\/\/rotary.ee\/tallinn\/#organization","name":"Tallinna Rotary Klubi","url":"https:\/\/rotary.ee\/tallinn\/","logo":{"@type":"ImageObject","inLanguage":"et","@id":"https:\/\/rotary.ee\/tallinn\/#\/schema\/logo\/image\/","url":"https:\/\/rotary.ee\/tallinn\/wp-content\/uploads\/2024\/09\/Rotary-Logo_Tallinn-e1725572896108.png","contentUrl":"https:\/\/rotary.ee\/tallinn\/wp-content\/uploads\/2024\/09\/Rotary-Logo_Tallinn-e1725572896108.png","width":1000,"height":1000,"caption":"Tallinna Rotary Klubi"},"image":{"@id":"https:\/\/rotary.ee\/tallinn\/#\/schema\/logo\/image\/"}}]}},"_links":{"self":[{"href":"https:\/\/rotary.ee\/tallinn\/wp-json\/wp\/v2\/pages\/48","targetHints":{"allow":["GET"]}}],"collection":[{"href":"https:\/\/rotary.ee\/tallinn\/wp-json\/wp\/v2\/pages"}],"about":[{"href":"https:\/\/rotary.ee\/tallinn\/wp-json\/wp\/v2\/types\/page"}],"author":[{"embeddable":true,"href":"https:\/\/rotary.ee\/tallinn\/wp-json\/wp\/v2\/users\/1"}],"replies":[{"embeddable":true,"href":"https:\/\/rotary.ee\/tallinn\/wp-json\/wp\/v2\/comments?post=48"}],"version-history":[{"count":22,"href":"https:\/\/rotary.ee\/tallinn\/wp-json\/wp\/v2\/pages\/48\/revisions"}],"predecessor-version":[{"id":99,"href":"https:\/\/rotary.ee\/tallinn\/wp-json\/wp\/v2\/pages\/48\/revisions\/99"}],"wp:featuredmedia":[{"embeddable":true,"href":"https:\/\/rotary.ee\/tallinn\/wp-json\/wp\/v2\/media\/294"}],"wp:attachment":[{"href":"https:\/\/rotary.ee\/tallinn\/wp-json\/wp\/v2\/media?parent=48"}],"curies":[{"name":"wp","href":"https:\/\/api.w.org\/{rel}","templated":true}]}}