{"id":387,"date":"2013-05-03T11:49:34","date_gmt":"2013-05-03T08:49:34","guid":{"rendered":"http:\/\/ns1.web2.ee\/~rotary\/?page_id=387"},"modified":"2023-09-11T13:16:57","modified_gmt":"2023-09-11T10:16:57","slug":"ajalugu-alates-1991-a","status":"publish","type":"page","link":"https:\/\/rotary.ee\/tallinn\/klubist\/singapuri-deklaratsioon\/ajalugu-alates-1991-a\/","title":{"rendered":"Ajalugu alates 1991.a"},"content":{"rendered":"<p style=\"text-align: justify;\"><span style=\"font-family: arial,helvetica,sans-serif; font-size: 12px;\"><strong>TALLINNA ROTARY KLUBI JA EESTI ROTARY-LIIKUMINE<\/strong> <\/span><\/p>\n<p style=\"text-align: justify;\"><span style=\"font-family: arial,helvetica,sans-serif; font-size: 12px;\">S\u00f5jaj\u00e4rgne periood<\/span><\/p>\n<p style=\"text-align: justify;\"><span style=\"font-family: arial,helvetica,sans-serif; font-size: 12px;\"> 1940. aastal l\u00f5petas n\u00f5ukogude okupatsioon rotary<i>&#8211;<\/i>klubide tegevuse Eestis. V\u00e4ga paljude rotariaanide saatus oli r\u00e4nk: arreteeritud ja hukatud v\u00f5i saadetud vangilaagritesse Venemaale. Keelatuks j\u00e4i rotary-liikumine ka j\u00e4rgneva saksa okupatsiooni ajal.<\/span><\/p>\n<p style=\"text-align: justify;\"><span style=\"font-family: arial,helvetica,sans-serif; font-size: 12px;\">Alles pool sajandit hiljem oli v\u00f5imalik poolelij\u00e4\u00e4nud tegevust j\u00e4tkata. Rotary liikumine taastati faktiliselt Tallinna Rotary Klubi taasloomisega. Kahjuks ei saanud kohe tegevust j\u00e4tkata Eesti esimese klubi \u00f5igusj\u00e4rglasena, sest puudus selle ajahetke rotary reeglitele vastav \u00fchendusl\u00fcli &#8211; eelneva klubi liige. Okupatsioonid, s\u00f5da ja 50-aastane tegevuspaus j\u00e4tsid oma j\u00e4lje. Sarnaselt j\u00e4tkasid esimese iseseisvusperioodi klubide tegevust Rotary Internationali liikmetena&nbsp;04.02.1992 Tartu Rotary Klubi ja 27.06.1996 N\u00f5mme-Tallinn Rotary Klubi. Ainult N\u00f5mme klubi puhul oli olemas s\u00f5jaeelne klubiliige Bruno Wingisar (siis nimevorm Vingisaar), toonane P\u00f5llut\u00f6\u00f6ministeeriumi Veterinaartalituse ametnik, kes n\u00fc\u00fcd asus Soomes ja oli Luoteis-Helsinki RK liige. Ta valiti klubi auliikmeks.<\/span><\/p>\n<p style=\"text-align: justify;\"><span style=\"font-family: arial,helvetica,sans-serif; font-size: 12px;\">Taastatud Tallinna RK tuumik koosnes&nbsp;Looduskaitse Seltsi Keskkonnakaitse Klubi liikmetest, mille alusdokumendile \u2013 \u201cM\u00f5te\u201d &#8211; kirjutas 11.12.1984.a alla 31 inimest. T\u00e4nases klubis on 12 liiget sellest ajast (vt lisa 2). Esimesed teadmised rotary-liikumisest hakkasid taaslevima 1988.-89. aastatel. T\u00e4nane klubi oli juba 1989.a Rotary Internationali tingimustele vastav. Alates 09.04.1989 toimusid restoranis \u201cReeder\u201d igal neljap\u00e4eval kell 19.00 asutatava rotary-klubi tasemel koosolekud ja alates 13. juulist 1989 t\u00e4naseni on meie kogunemised neljap\u00e4eviti kell 16.00.<\/span><\/p>\n<p style=\"text-align: justify;\"><span style=\"font-family: arial,helvetica,sans-serif; font-size: 12px;\">Huvitaval kombel oli Tallinnasse tekkinud initsiatiivr\u00fchm ka teise klubi loomiseks, milleni siiski ei j\u00f5utud. 01.12.1989 &nbsp;kell 19.00 kohtusid Kadrioru lossis kahe potentsiaalse klubi liikmetega Tallinnasse saabunud RI president Hugh M.Archer, RI president 1980-81 Rolf Kl\u00e4rich ja RI Euroopa ja Aafrika Z\u00fcrichis asuva b\u00fcroo juhataja Per Br\u00f6nner. RI presidendile j\u00e4i m\u00e4lestuseks graafiline leht Raul Meelilt.<\/span><\/p>\n<p style=\"text-align: justify;\"><span style=\"font-family: arial,helvetica,sans-serif; font-size: 12px;\">R\u00f5hutada tuleks meie asutajaklubi Helsinki RK liikme Rolf Kl\u00e4richi innukust ja olulisust nii meie klubi asutamisel kui esimestel tegevusaastatel. Rolle, nagu teda kutsuti rotariaanide ringis, oli lisaks&nbsp;aastatel 1970-71 RI direktor ja 1971-72 RI asepresident.<\/span><\/p>\n<p style=\"text-align: justify;\"><span style=\"font-family: arial,helvetica,sans-serif; font-size: 12px;\">Rotary Internationalil oli kindel soov luua esimesed klubid N.Liidu territooriumil, kuid vaatamata meie valmisolekule tehti ilmne sisepoliitiline otsus kahe esimese klubi loomiseks Moskvas ja tolleaegses Leningradis 1990.a.<\/span><\/p>\n<p style=\"text-align: justify;\"><span style=\"font-family: arial,helvetica,sans-serif; font-size: 12px;\">Tallinna Rotary Klubi&nbsp;v\u00f5eti<b> 05.m\u00e4rtsil 1991.a<\/b> Rotary Internationali liikmeks j\u00e4rjekorranumbriga 27853. Charter-pidu toimus p\u00fchap\u00e4eval 05.mail 1991.a kell 17.00 restoranis \u201cAstoria\u201d. Charter-kirja andis charter-president Raivo Hellermale \u00fcle RI president Paolo V.C. Costa. Peo k\u00fclaline oli Eesti Vabariigi \u00dclemn\u00f5ukogu esimees Arnold R\u00fc\u00fctel abikaasaga. RI presidenti saatis piirkonna 142 (j\u00e4rgnevast rotary-aastast nr 1420) kuberner Jorma Lamp\u00e9n abikaasaga. Asutajaklubiks oli taas Helsinki Rotary Klubi. Asutajaklubi poolne nn ristiisa oli Mikko Mannio. Samas rollis oli esimese klubi asutamisel Mikko isa Niilo Mannio (Helsinki klubi president 1931-32).<\/span><\/p>\n<p style=\"text-align: justify;\"><span style=\"font-family: arial,helvetica,sans-serif; font-size: 12px;\">Tallinna RK on olnud koos Helsinki-Lauttasaari Rotary Klubiga asutajaklubiks N\u00f5mme-Tallinn Rotary Klubile, mis kuulub RI liikmeskonda alates 27.06.1996. Charter-president oli Kaido H\u00e4\u00e4l. Charter-pidu toimus 28.09.1996 Arhitektuurimuuseumis Rotermanni soolalaos. Peol osales 1939.aastast klubisse kuulunud Bruno Wingisar. Sellega taastati k\u00f5igi s\u00f5jaeelsete klubide tegevuse j\u00e4rgnevus.<\/span><\/p>\n<p style=\"text-align: justify;\"><span style=\"font-family: arial,helvetica,sans-serif; font-size: 12px;\">Teise ja viimase klubina olime&nbsp;Tallinn Vanalinn Rotary Klubi asutajaks. Asutaja poolt olid nn ristiisad Hans Sittnikow ja Viktor H\u00fctt. RI liikmeks saadi 15.03.1999. Charter-president oli Kaido Ehasoo. Charter-pidu toimus 12.06.1999&nbsp;Maardu m\u00f5isas. Tegemist oli rotary-klubide \u00fche parima avapeoga eelk\u00f5ige klubi liikmete endapoolse panuse t\u00f5ttu eitamata suurep\u00e4rast kohavalikut ja programmi taset.<\/span><\/p>\n<p style=\"text-align: justify;\"><span style=\"font-family: arial,helvetica,sans-serif; font-size: 12px;\">Administratiivselt kuuluvad Eesti klubid Soome vanima piirkonna 1420 koosseisu. Tallinna RK \u00f5nnestus 1991.a olla neli kuud vana numeratsiooniga D142 koosseisus.<\/span><\/p>\n<p style=\"text-align: justify;\"><span style=\"font-family: arial,helvetica,sans-serif; font-size: 12px;\">1997-98 rotary-aastast alates moodustati \u00fcle maailma Special Extension Area\u2019d (SEA). \u00dcks neist oli Special Extension Area Estonia, mida juhtis otsealluvusega RI presidendile Presidential Extension Administrator (PEA). RI presidendi \u00fclesandel t\u00e4itis PEA kohustusi 1997-99 Aarno Palm (D1420 kuberner 1995-96). PEA Aarno Palmi kinnitusel moodustati Eesti Rotary Juhtkond (Leadership Committee of Rotary in Estonia) koosseisus Aarno Palm \u2013 esimees, Viktor H\u00fctt \u2013 aseesimees ja PEA eriesindaja, J\u00fcri K\u00e4rner &#8211; PEA eriesindaja, Raivo M\u00e4ndmaa \u2013 klubiteenistus, Riho Nittim \u2013 eriala- ja \u00fchiskonnateenistus, Verni Loodma (1999.a algusest Kaljo Mitt)\u2013 rahvusvaheline teenistus ja noorsoovahetus, Raivo Pink \u2013 Rotary Fondiga seonduv. Eesti Rotary Juhtkonna otsusel loodi 1998.a alguses Eesti Rotariaanide Infopunkt. Tegevust alustati Tallinnas aadressil Raekoja plats 14 Eesti Meremeeste S\u00f5ltumatu Ameti\u00fchinguga \u00fchistes ruumides. Sekret\u00e4riks on t\u00e4naseni Evelin Tomson.<\/span><\/p>\n<p style=\"text-align: justify;\"><span style=\"font-family: arial,helvetica,sans-serif; font-size: 12px;\">Eriterritooriumid olid m\u00f5eldud vaheetapiks, et nn uute rotary-maade klubide arvu t\u00f5sta piirkonna moodustamiseks n\u00f5utud tasemeni. Baltimaade puhul oli RI n\u00e4gemus moodustada kolme riigi \u00fchine rotary-piirkond. Selle vastu oli kindlalt Eesti ja natuke v\u00e4iksema veendumusega L\u00e4ti. Leedu pigem toetas \u00fchispiirkonna loomist. 05.-06.05.1999.a RI presidendi \u00fclesandel Eestit k\u00fclastanud RI direktor 1999-2001 \u0161veitslane Mario Grassi ja RI direktor 1998-2000 norralane Finn Johannessen uurisid Special Extension Area (SEA) Eesti tegevust ja tulevikun\u00e4gemusi. M.Grassi oli ka RI Chairman of the Ad Hoc Committee on Rotary Extension. 6.mail toimus nende osalusel Eesti Rotary Juhtkonna laiendatud koosolek koos klubide presidentide ja tulevaste presidentidega. Vaatamata k\u00fclaliste selgele huvile aidata kaasa Balti \u00fchispiirkonna tekkele said nad vahetult klubide esindajailt selge ja p\u00f5hjendatud vastuse selle ebaratsionaalsusest. M.Grassi ja F.Johannessen raport RI-le kinnitas rahulolu n\u00e4htu \u00fcle ja hindas rotary-tegevuse k\u00f5rget taset Eestis.<\/span><\/p>\n<p style=\"text-align: justify;\"><span style=\"font-family: arial,helvetica,sans-serif; font-size: 12px;\">Rotary-aasta 1999-2000 j\u00e4\u00e4b eriti meie jaoks \u00fcheks eriskummalisemaks ja soliidse rahvusvahelise organisatsiooni tegevuse ebaloogilisuse aastaks. RI kavandas m\u00f5nede piirkondade \u00fcmberkorraldamist, kuid ei saanud sellega rotary-aasta alguseks valmis. Samas vabastati kohustustest k\u00f5ik Presidential Extension Administrator\u2019d, meie puhul Aarno Palm. Omaalgatuslikult t\u00e4itis vaakumi Eesti Rotary Juhtkond, mille senine aseesimees Viktor H\u00fctt sai esimeheks. Aarno Palm oli valmis j\u00e4tkama n\u00f5uandjana. Lahendusi otsiti&nbsp;Budapestis 07.-08.11.1999, kus toimus Presidential Districtin Workshop RI presidendi Carlo Ravizza juhtimisel ja RI presidendi 1994-95 Bill Huntley osalusel. P\u00f5hik\u00fcsimuseks oli Special Extension Area (SEA) tulevik. Eestit esindasid RI kutsel Viktor H\u00fctt, J\u00fcri K\u00e4rner ja Raivo Pink. Esindatud oli enamik Euroopa riike. Eesti, L\u00e4ti ja Leedu esindajad moodustasid RI Vice President ja direktor 1998-2000 Abraham (Abe) Gordoni ja meile tuntud Finn Johannesseni juhtimisel t\u00f6\u00f6r\u00fchma arutamaks endiselt \u00fchise piirkonna loomist. Arutusel osalesid Rootsi, Soome ja Taani piirkonnakubernerid. Seisukohad muutusid sedav\u00f5rd, et Leedu oli valmis j\u00e4tkama \u00fcksi oma piirkonna moodustamist, mille muutis ebareaalseks RI poolt peatselt muudetud piirkonna klubide miinimumarvu t\u00f5stmine 30-lt 50-le. Eesti kinnitas oma soovi taasliituda Soome D1420 tegevusega. Tuleb \u00e4ra m\u00e4rkida, et just Special Extension Area periood 1997-2000 ja eriliselt perioodi viimane aasta, mil kogu tegevus toimus ainult Eesti Rotary Juhtkonna vedamisel, on andnud erilise t\u00f5uke Eesti rotary-liikumise arengusse. Me arendasime 1999 \u2013 2000 rotary-aastal iseseisvalt k\u00f5iki neid tegevusi, mis on omane rotary-piirkonnale. See kogemus kinnitas meie potentsiaali.<\/span><\/p>\n<p style=\"text-align: justify;\"><span style=\"font-family: arial,helvetica,sans-serif; font-size: 12px;\">Uuest rotary aastast 2000-01 taastati endine olukord, mis toimib t\u00e4naseni. Eestlased kuuluvad Soome D1420, l\u00e4tlased Rootsi D2410 ja leedulased Taani D1460 koosseisu. D1420 juhtkond k\u00fcsitles eelnevalt k\u00f5ikide klubide arvamust ja sai kinnitust j\u00e4tkata koos Eesti klubidega \u00fches piirkonnas.<\/span><\/p>\n<p style=\"text-align: justify;\"><span style=\"font-family: arial,helvetica,sans-serif; font-size: 12px;\">2000-01 rotary aastast v\u00f5eti meil kasutusele asekuberneride nimetused. Asekubernerid on eelk\u00f5ige kuberneri k\u00e4epikendused nende poolt kureeritavates klubides. Esimesed kolm asekuberneri olid Riho Nittim, Raivo M\u00e4ndmaa ja Vello J\u00e4rvesalu.<\/span><\/p>\n<p style=\"text-align: justify;\"><span style=\"font-family: arial,helvetica,sans-serif; font-size: 12px;\">Tallinna RK-st on tulnud senised Eesti klubide kontaktisikud. Viktor H\u00fctt oli piirkonna kuberneri eriesindaja&nbsp;rollis 1995-97 ja 2000-01 olles 1997-99 Eesti Rotary Juhtkonna aseesimees (esimees A.Palm) ja 1999-2000 esimees ning juhtides alates 1998.a Eesti Rotariaanide Infopunkti tegevust. 2000-01 rotary-aastast alates on piirkonna n\u00f5ukogus koht Eesti klubide esindajale. 2001-02 rotary-aastast t\u00e4naseni on Andres Sauter juhtinud Eesti Rotariaanide Infopunkti,&nbsp;esindanud meie klubisid ja koordineerinud nende \u00fchistegevust. Tuleb r\u00f5hutada, et Eesti Rotary Juhtkond ja Eesti Rotariaanide Infopunkt on loodud Eesti rotary-tegevuse edendamiseks ja klubide \u00fchistegevuse koordineerimiseks ja need ei ole ametlikult RI struktuuri kuuluvad.<\/span><\/p>\n<p style=\"text-align: justify;\"><span style=\"font-family: arial,helvetica,sans-serif; font-size: 12px;\">V\u00f5imalike keeleraskuste v\u00e4ltimiseks on piirkonna tegevuses peale soome, rootsi ja inglise keele olnud 1995.-96. rotary-aastast alates kasutusel ka eesti keel. Peale eestikeelsete rotary<i>&#8211;<\/i>materjalide (rotary-klubi p\u00f5hikiri, rotary-klubi eeskiri, rotary-klubi presidendi ja sekret\u00e4ri manuaalid, uue klubi moodustamise reeglistik jms) ja kuberneri kuukirjade on t\u00e4htsamad klubiametnikud saanud ka koolitust oma emakeeles. Eriline koht on kahel eestikeelsel rotary-raamatul \u2013 \u201cRotary p\u00f5hit\u00f5ed\u201d aprillist 1996 ja \u201cRotary. Organisatsioon ja tegevus\u201d aprillist 2004. Esimese raamatu rahastasid Soome rotary-piirkonnad. Eesti klubid ostsid raamatud v\u00e4lja ja saadud raha annetati sihtkapitalile \u201cEesti M\u00f5ttelugu\u201d Karl Leichteri raamatu \u201cKeset muusikat\u201d v\u00e4ljaandmise toetuseks. M\u00f5lema rotary-raamatu koostaja oli Aarno Palm ja t\u00f5lkija Anne H\u00fctt.&nbsp;Siinkohal suur tunnustus \u00fcle k\u00fcmne aasta k\u00f5ik kuberneride kuukirjad ja kirjalikud t\u00f5lked teinud, sageli \u00fcritustel t\u00f5lkinud ja eestikeelse rotary-terminoloogia tekkele enim panustanud Anne H\u00fcttile.<\/span><\/p>\n<p style=\"text-align: justify;\"><span style=\"font-family: arial,helvetica,sans-serif; font-size: 12px;\">Selge orientatsioon eestikeelsele asjaajamisele toimus Aarno Palmi kuberneri aastal, kes eristub teistest kuberneridest erilise missioonitundega suhtumise poolest Eesti rotary-liikumise arengusse. Tema rotary-kontaktid Eestis said alguse 1990-ndate esimesel poolel Viljandi RK loomisega ja j\u00e4rgnevate \u00fchisprojektidega. A.Palm oli veendunud, et me peame kasutama emakeelset rotary-terminoloogiat, millele aitas eriliselt kaasa tema initsiatiivil tr\u00fckitud kaks esimest eestikeelset rotary-raamatut. A.Palm oli parim valik juhtimaks PEA rollis Eesti klubide tegevust 1997-99. 35-aastase staa\u017eiga rotariaan, kolmekordne Paul Harris Fellow (\u00fcks PHF on Eesti klubide t\u00e4num\u00e4rk) Aarno Palm on t\u00e4na Porvoo-L\u00e4ntinen RK liige.<\/span><\/p>\n<p style=\"text-align: justify;\"><span style=\"font-family: arial,helvetica,sans-serif; font-size: 12px;\">Eesti rotary-liikumise juubeliaastal tegutseb Eestis 14 rotary-klubi, 3 Inner Wheel klubi ja 3 Rotaract klubi.<\/span><\/p>\n","protected":false},"excerpt":{"rendered":"<p>TALLINNA ROTARY KLUBI JA EESTI ROTARY-LIIKUMINE S\u00f5jaj\u00e4rgne periood 1940. aastal l\u00f5petas n\u00f5ukogude okupatsioon rotary&#8211;klubide tegevuse Eestis. V\u00e4ga paljude rotariaanide saatus oli r\u00e4nk: arreteeritud ja hukatud v\u00f5i saadetud vangilaagritesse Venemaale. Keelatuks j\u00e4i rotary-liikumine ka j\u00e4rgneva saksa okupatsiooni ajal. Alles pool sajandit hiljem oli v\u00f5imalik poolelij\u00e4\u00e4nud tegevust j\u00e4tkata. Rotary liikumine taastati faktiliselt Tallinna Rotary Klubi taasloomisega. Kahjuks [&hellip;]<\/p>\n","protected":false},"author":1,"featured_media":0,"parent":28,"menu_order":3,"comment_status":"open","ping_status":"open","template":"","meta":{"ngg_post_thumbnail":0,"footnotes":""},"class_list":["post-387","page","type-page","status-publish","hentry"],"yoast_head":"<!-- This site is optimized with the Yoast SEO plugin v24.2 - https:\/\/yoast.com\/wordpress\/plugins\/seo\/ -->\n<title>Ajalugu alates 1991.a - Tallinna Rotary Klubi<\/title>\n<meta name=\"robots\" content=\"index, follow, max-snippet:-1, max-image-preview:large, max-video-preview:-1\" \/>\n<link rel=\"canonical\" href=\"https:\/\/rotary.ee\/tallinn\/klubist\/singapuri-deklaratsioon\/ajalugu-alates-1991-a\/\" \/>\n<meta property=\"og:locale\" content=\"et_EE\" \/>\n<meta property=\"og:type\" content=\"article\" \/>\n<meta property=\"og:title\" content=\"Ajalugu alates 1991.a - Tallinna Rotary Klubi\" \/>\n<meta property=\"og:description\" content=\"TALLINNA ROTARY KLUBI JA EESTI ROTARY-LIIKUMINE S\u00f5jaj\u00e4rgne periood 1940. aastal l\u00f5petas n\u00f5ukogude okupatsioon rotary&#8211;klubide tegevuse Eestis. V\u00e4ga paljude rotariaanide saatus oli r\u00e4nk: arreteeritud ja hukatud v\u00f5i saadetud vangilaagritesse Venemaale. Keelatuks j\u00e4i rotary-liikumine ka j\u00e4rgneva saksa okupatsiooni ajal. Alles pool sajandit hiljem oli v\u00f5imalik poolelij\u00e4\u00e4nud tegevust j\u00e4tkata. Rotary liikumine taastati faktiliselt Tallinna Rotary Klubi taasloomisega. Kahjuks [&hellip;]\" \/>\n<meta property=\"og:url\" content=\"https:\/\/rotary.ee\/tallinn\/klubist\/singapuri-deklaratsioon\/ajalugu-alates-1991-a\/\" \/>\n<meta property=\"og:site_name\" content=\"Tallinna Rotary Klubi\" \/>\n<meta property=\"article:modified_time\" content=\"2023-09-11T10:16:57+00:00\" \/>\n<meta name=\"twitter:card\" content=\"summary_large_image\" \/>\n<meta name=\"twitter:label1\" content=\"Est. reading time\" \/>\n\t<meta name=\"twitter:data1\" content=\"7 minutit\" \/>\n<script type=\"application\/ld+json\" class=\"yoast-schema-graph\">{\"@context\":\"https:\/\/schema.org\",\"@graph\":[{\"@type\":\"WebPage\",\"@id\":\"https:\/\/rotary.ee\/tallinn\/klubist\/singapuri-deklaratsioon\/ajalugu-alates-1991-a\/\",\"url\":\"https:\/\/rotary.ee\/tallinn\/klubist\/singapuri-deklaratsioon\/ajalugu-alates-1991-a\/\",\"name\":\"Ajalugu alates 1991.a - Tallinna Rotary Klubi\",\"isPartOf\":{\"@id\":\"https:\/\/rotary.ee\/tallinn\/#website\"},\"datePublished\":\"2013-05-03T08:49:34+00:00\",\"dateModified\":\"2023-09-11T10:16:57+00:00\",\"breadcrumb\":{\"@id\":\"https:\/\/rotary.ee\/tallinn\/klubist\/singapuri-deklaratsioon\/ajalugu-alates-1991-a\/#breadcrumb\"},\"inLanguage\":\"et\",\"potentialAction\":[{\"@type\":\"ReadAction\",\"target\":[\"https:\/\/rotary.ee\/tallinn\/klubist\/singapuri-deklaratsioon\/ajalugu-alates-1991-a\/\"]}]},{\"@type\":\"BreadcrumbList\",\"@id\":\"https:\/\/rotary.ee\/tallinn\/klubist\/singapuri-deklaratsioon\/ajalugu-alates-1991-a\/#breadcrumb\",\"itemListElement\":[{\"@type\":\"ListItem\",\"position\":1,\"name\":\"Home\",\"item\":\"https:\/\/rotary.ee\/tallinn\/\"},{\"@type\":\"ListItem\",\"position\":2,\"name\":\"Klubist\",\"item\":\"https:\/\/rotary.ee\/tallinn\/klubist\/\"},{\"@type\":\"ListItem\",\"position\":3,\"name\":\"Ajalugu\",\"item\":\"https:\/\/rotary.ee\/tallinn\/klubist\/singapuri-deklaratsioon\/\"},{\"@type\":\"ListItem\",\"position\":4,\"name\":\"Ajalugu alates 1991.a\"}]},{\"@type\":\"WebSite\",\"@id\":\"https:\/\/rotary.ee\/tallinn\/#website\",\"url\":\"https:\/\/rotary.ee\/tallinn\/\",\"name\":\"Tallinna Rotary Klubi\",\"description\":\"Tallinna Rotary Klubi\",\"publisher\":{\"@id\":\"https:\/\/rotary.ee\/tallinn\/#organization\"},\"potentialAction\":[{\"@type\":\"SearchAction\",\"target\":{\"@type\":\"EntryPoint\",\"urlTemplate\":\"https:\/\/rotary.ee\/tallinn\/?s={search_term_string}\"},\"query-input\":{\"@type\":\"PropertyValueSpecification\",\"valueRequired\":true,\"valueName\":\"search_term_string\"}}],\"inLanguage\":\"et\"},{\"@type\":\"Organization\",\"@id\":\"https:\/\/rotary.ee\/tallinn\/#organization\",\"name\":\"Tallinna Rotary Klubi\",\"url\":\"https:\/\/rotary.ee\/tallinn\/\",\"logo\":{\"@type\":\"ImageObject\",\"inLanguage\":\"et\",\"@id\":\"https:\/\/rotary.ee\/tallinn\/#\/schema\/logo\/image\/\",\"url\":\"https:\/\/rotary.ee\/tallinn\/wp-content\/uploads\/2024\/09\/Rotary-Logo_Tallinn-e1725572896108.png\",\"contentUrl\":\"https:\/\/rotary.ee\/tallinn\/wp-content\/uploads\/2024\/09\/Rotary-Logo_Tallinn-e1725572896108.png\",\"width\":1000,\"height\":1000,\"caption\":\"Tallinna Rotary Klubi\"},\"image\":{\"@id\":\"https:\/\/rotary.ee\/tallinn\/#\/schema\/logo\/image\/\"}}]}<\/script>\n<!-- \/ Yoast SEO plugin. -->","yoast_head_json":{"title":"Ajalugu alates 1991.a - Tallinna Rotary Klubi","robots":{"index":"index","follow":"follow","max-snippet":"max-snippet:-1","max-image-preview":"max-image-preview:large","max-video-preview":"max-video-preview:-1"},"canonical":"https:\/\/rotary.ee\/tallinn\/klubist\/singapuri-deklaratsioon\/ajalugu-alates-1991-a\/","og_locale":"et_EE","og_type":"article","og_title":"Ajalugu alates 1991.a - Tallinna Rotary Klubi","og_description":"TALLINNA ROTARY KLUBI JA EESTI ROTARY-LIIKUMINE S\u00f5jaj\u00e4rgne periood 1940. aastal l\u00f5petas n\u00f5ukogude okupatsioon rotary&#8211;klubide tegevuse Eestis. V\u00e4ga paljude rotariaanide saatus oli r\u00e4nk: arreteeritud ja hukatud v\u00f5i saadetud vangilaagritesse Venemaale. Keelatuks j\u00e4i rotary-liikumine ka j\u00e4rgneva saksa okupatsiooni ajal. Alles pool sajandit hiljem oli v\u00f5imalik poolelij\u00e4\u00e4nud tegevust j\u00e4tkata. Rotary liikumine taastati faktiliselt Tallinna Rotary Klubi taasloomisega. Kahjuks [&hellip;]","og_url":"https:\/\/rotary.ee\/tallinn\/klubist\/singapuri-deklaratsioon\/ajalugu-alates-1991-a\/","og_site_name":"Tallinna Rotary Klubi","article_modified_time":"2023-09-11T10:16:57+00:00","twitter_card":"summary_large_image","twitter_misc":{"Est. reading time":"7 minutit"},"schema":{"@context":"https:\/\/schema.org","@graph":[{"@type":"WebPage","@id":"https:\/\/rotary.ee\/tallinn\/klubist\/singapuri-deklaratsioon\/ajalugu-alates-1991-a\/","url":"https:\/\/rotary.ee\/tallinn\/klubist\/singapuri-deklaratsioon\/ajalugu-alates-1991-a\/","name":"Ajalugu alates 1991.a - Tallinna Rotary Klubi","isPartOf":{"@id":"https:\/\/rotary.ee\/tallinn\/#website"},"datePublished":"2013-05-03T08:49:34+00:00","dateModified":"2023-09-11T10:16:57+00:00","breadcrumb":{"@id":"https:\/\/rotary.ee\/tallinn\/klubist\/singapuri-deklaratsioon\/ajalugu-alates-1991-a\/#breadcrumb"},"inLanguage":"et","potentialAction":[{"@type":"ReadAction","target":["https:\/\/rotary.ee\/tallinn\/klubist\/singapuri-deklaratsioon\/ajalugu-alates-1991-a\/"]}]},{"@type":"BreadcrumbList","@id":"https:\/\/rotary.ee\/tallinn\/klubist\/singapuri-deklaratsioon\/ajalugu-alates-1991-a\/#breadcrumb","itemListElement":[{"@type":"ListItem","position":1,"name":"Home","item":"https:\/\/rotary.ee\/tallinn\/"},{"@type":"ListItem","position":2,"name":"Klubist","item":"https:\/\/rotary.ee\/tallinn\/klubist\/"},{"@type":"ListItem","position":3,"name":"Ajalugu","item":"https:\/\/rotary.ee\/tallinn\/klubist\/singapuri-deklaratsioon\/"},{"@type":"ListItem","position":4,"name":"Ajalugu alates 1991.a"}]},{"@type":"WebSite","@id":"https:\/\/rotary.ee\/tallinn\/#website","url":"https:\/\/rotary.ee\/tallinn\/","name":"Tallinna Rotary Klubi","description":"Tallinna Rotary Klubi","publisher":{"@id":"https:\/\/rotary.ee\/tallinn\/#organization"},"potentialAction":[{"@type":"SearchAction","target":{"@type":"EntryPoint","urlTemplate":"https:\/\/rotary.ee\/tallinn\/?s={search_term_string}"},"query-input":{"@type":"PropertyValueSpecification","valueRequired":true,"valueName":"search_term_string"}}],"inLanguage":"et"},{"@type":"Organization","@id":"https:\/\/rotary.ee\/tallinn\/#organization","name":"Tallinna Rotary Klubi","url":"https:\/\/rotary.ee\/tallinn\/","logo":{"@type":"ImageObject","inLanguage":"et","@id":"https:\/\/rotary.ee\/tallinn\/#\/schema\/logo\/image\/","url":"https:\/\/rotary.ee\/tallinn\/wp-content\/uploads\/2024\/09\/Rotary-Logo_Tallinn-e1725572896108.png","contentUrl":"https:\/\/rotary.ee\/tallinn\/wp-content\/uploads\/2024\/09\/Rotary-Logo_Tallinn-e1725572896108.png","width":1000,"height":1000,"caption":"Tallinna Rotary Klubi"},"image":{"@id":"https:\/\/rotary.ee\/tallinn\/#\/schema\/logo\/image\/"}}]}},"_links":{"self":[{"href":"https:\/\/rotary.ee\/tallinn\/wp-json\/wp\/v2\/pages\/387","targetHints":{"allow":["GET"]}}],"collection":[{"href":"https:\/\/rotary.ee\/tallinn\/wp-json\/wp\/v2\/pages"}],"about":[{"href":"https:\/\/rotary.ee\/tallinn\/wp-json\/wp\/v2\/types\/page"}],"author":[{"embeddable":true,"href":"https:\/\/rotary.ee\/tallinn\/wp-json\/wp\/v2\/users\/1"}],"replies":[{"embeddable":true,"href":"https:\/\/rotary.ee\/tallinn\/wp-json\/wp\/v2\/comments?post=387"}],"version-history":[{"count":5,"href":"https:\/\/rotary.ee\/tallinn\/wp-json\/wp\/v2\/pages\/387\/revisions"}],"predecessor-version":[{"id":3265,"href":"https:\/\/rotary.ee\/tallinn\/wp-json\/wp\/v2\/pages\/387\/revisions\/3265"}],"up":[{"embeddable":true,"href":"https:\/\/rotary.ee\/tallinn\/wp-json\/wp\/v2\/pages\/28"}],"wp:attachment":[{"href":"https:\/\/rotary.ee\/tallinn\/wp-json\/wp\/v2\/media?parent=387"}],"curies":[{"name":"wp","href":"https:\/\/api.w.org\/{rel}","templated":true}]}}