{"id":383,"date":"2013-05-03T11:48:11","date_gmt":"2013-05-03T08:48:11","guid":{"rendered":"http:\/\/ns1.web2.ee\/~rotary\/?page_id=383"},"modified":"2024-10-19T15:43:44","modified_gmt":"2024-10-19T12:43:44","slug":"ajalugu-1930-1940","status":"publish","type":"page","link":"https:\/\/rotary.ee\/tallinn\/klubist\/singapuri-deklaratsioon\/ajalugu-1930-1940\/","title":{"rendered":"Ajalugu 1930-1940"},"content":{"rendered":"<p style=\"text-align: justify;\"><span style=\"font-family: arial,helvetica,sans-serif; font-size: 12px;\"><strong>TALLINNA ROTARY KLUBI JA EESTI ROTARY-LIIKUMINE <\/strong><\/span><\/p>\n<p style=\"text-align: justify;\"><span style=\"font-family: arial,helvetica,sans-serif; font-size: 12px;\">13.12.1929 \u2013 1940 <strong><br \/>\n<\/strong><\/span><\/p>\n<p style=\"text-align: justify;\"><span style=\"font-family: arial,helvetica,sans-serif; font-size: 12px;\">Esimene rotary-liikumisega seonduv daatum Eestis on 13. detsember 1929, mil loodi Tallinna Rotary Klubi 7-liikmeline organiseerimiskomitee koosseisus:<\/span><\/p>\n<p style=\"text-align: justify;\"><span style=\"font-family: arial,helvetica,sans-serif; font-size: 12px;\">1. &nbsp;Ants Piip &#8211; riigivanem 1920 -1921, v\u00e4lisminister 1919 -1940 viiel korral, Eesti saadik USA-s 1923 -1925, Tartu \u00dclikooli rahvusvahelise \u00f5iguse professor;<\/span><\/p>\n<p style=\"text-align: justify;\"><span style=\"font-family: arial,helvetica,sans-serif; font-size: 12px;\">2. &nbsp;Juhan Kukk &#8211; riigivanem 1922 -1923, rahaminister 1918 -1920, kaubandus-t\u00f6\u00f6stusminister 1920 -1922, ETK (Eesti Tarvitajate\u00fchisuste Kesk\u00fchisus), Eesti Panga ja Balti Puuvillavabriku direktor, Tartu \u00dclikooli majandusteaduse \u00f5ppej\u00f5ud,&nbsp;hilisem Rotary Internationali peaesindaja Balti riikides;<\/span><\/p>\n<p style=\"text-align: justify;\"><span style=\"font-family: arial,helvetica,sans-serif; font-size: 12px;\">3. &nbsp;Joakim Puhk &#8211; Eesti suurima kaubandusettev\u00f5tte \u201cJ.Puhk ja Pojad\u201d omanik ja peadirektor, Suurkaupmeeste \u00dchingu esimees, Kaubandus-T\u00f6\u00f6stuskoja juhatuse esimees, Leedu aukonsul 1921 -1927, Soome peakonsul Eestis;<\/span><\/p>\n<p style=\"text-align: justify;\"><span style=\"font-family: arial,helvetica,sans-serif; font-size: 12px;\">4. &nbsp;Claus Scheel &#8211; Tallinna suurima erapanga \u201cC. Scheel &amp; Co\u201d tegevdirektor<\/span><\/p>\n<div style=\"text-align: justify;\"><span style=\"font-family: arial,helvetica,sans-serif; font-size: 12px;\">5. &nbsp;Harry E. Carlson &#8211; USA konsul Eestis<\/span><\/div>\n<p style=\"text-align: justify;\"><span style=\"font-family: arial,helvetica,sans-serif; font-size: 12px;\">6. &nbsp;Johan Laidoner \u2013 kindral, s\u00f5jav\u00e4gede \u00fclemjuhataja 1918-20 ja 1934-40. I, II, III Riigikogu liikmena juhtis rahandus-, eelarve-, v\u00e4lis- ja riigikaitsekomisjonide t\u00f6\u00f6d. Esindas Eestit Rahvasteliidu t\u00e4iskogu istungitel Genfis. 24. 02.1928. a. valiti Tartu \u00dclikooli audoktoriks.<\/span><\/p>\n<p style=\"text-align: justify;\"><span style=\"font-family: arial,helvetica,sans-serif; font-size: 12px;\">7. &nbsp;Herbert S. Gott &#8211; Noorte Meeste Kristliku \u00dchingu peasekret\u00e4r Eestis<\/span><\/p>\n<p style=\"text-align: justify;\"><span style=\"font-family: arial,helvetica,sans-serif; font-size: 12px;\">Neist k\u00f5igist said ka klubi asutajaliikmed.<\/span><\/p>\n<p style=\"text-align: justify;\"><span style=\"font-family: arial,helvetica,sans-serif; font-size: 12px;\">4. juulil 1930.a toimus klubi inauguratsioon USA ja Soome rotary-klubide delegatsioo\u00adnide osalemisel. Rotary Internationali liikmeks taotlemise avalduses on see kuup\u00e4ev kui klubi organiseerimise ja 24-liikmelise charter<i>&#8211;<\/i>nimekirja sulgemise p\u00e4ev.<\/span><\/p>\n<p style=\"text-align: justify;\"><span style=\"font-family: arial,helvetica,sans-serif; font-size: 12px;\">2. augustist 1930 on Tallinna Rotary Klubi Rotary Inter\u00adna\u00adtionali liige.<\/span><\/p>\n<p style=\"text-align: justify;\"><span style=\"font-family: arial,helvetica,sans-serif; font-size: 12px;\">Klubi charter<i>&#8211;<\/i>presidendiks oli Johan Laidoner. Esimeseks ase\u00adpre\u00adsi\u00adden\u00addiks valiti Konstantin P\u00e4ts &#8211; peaminister ja riigivanem 1918 -1938 kuuel korral, 1938 -1940 Eesti Vabariigi president, hilisem Tallinna RK ainus auliige. Teine asepresident oli Claus Scheel. Esimeseks sekret\u00e4riks sai Ants Piip ja teiseks Herbert S. Gott. Varahoidjaks oli Juhan Kukk. Juba 1931.a sai sekret\u00e4riks notar Jakob Kristelstein, kes pidas seda ametit kogu s\u00f5jaeelse perioodi.<\/span><\/p>\n<p style=\"text-align: justify;\"><span style=\"font-family: arial,helvetica,sans-serif; font-size: 12px;\">Charter<i>&#8211;<\/i>pidu toimus reedel 23. jaanuaril 1931. aastal Seltskondlikus Majas, Aia tn 12. Samas majas hakati kogunema igal reede kell 14.00 n\u00e4dalakoosolekule. 1938-39 rotary-aastast oli uueks klubikoosoleku kohaks hotell Kuld L\u00f5vi endiselt reedeti 14.00.<\/span><\/p>\n<p style=\"text-align: justify;\"><span style=\"font-family: arial,helvetica,sans-serif; font-size: 12px;\">Charter-kirja andis \u00fcle Rotary Internationali esindajana Paul Thorwall, asutajaklubi Helsinki Rotary Klubi charter-sekret\u00e4r ja Paul Harrise s\u00f5ber. Tallinna klubi oli maailmas 3352. rotary-klubi. Meile on teada 91 inimest, kes on olnud Tallinna RK liikmed vabariigi esimese iseseisvusperioodi jooksul (vt lisa 1).<\/span><\/p>\n<p style=\"text-align: justify;\"><span style=\"font-family: arial,helvetica,sans-serif; font-size: 12px;\">Tallinna RK oli kahe j\u00e4rgneva rotary-klubi asutajaklubiks.<\/span><\/p>\n<p style=\"text-align: justify;\"><span style=\"font-family: arial,helvetica,sans-serif; font-size: 12px;\">Tartu RK esimene kogunemine toimus 19. aprillil 1932. aastal vande\u00adadvokaat Oskar R\u00fctli kodus. Eestvedajateks olid Oskar R\u00fctli, kes valiti ka presidendiks, ja klubi ristiisa Ants Piip Tallinna RK-st. 19.01.1934. aastast on Tartu Rotary Klubi RI liige, kan\u00addes j\u00e4rjekorranumbrit 3644. Charter<i>&#8211;<\/i>pidu toimus 29.-30. aprillil 1934. aastal Vanemuise teatris. Klubi igan\u00e4dalased kogunemised toimusid teisi\u00adp\u00e4eva p\u00e4rastl\u00f5unal ning ko\u00adgu\u00adnemispaigaks sai m\u00f5ne aja p\u00e4rast Vanemuise teater.<\/span><\/p>\n<p style=\"text-align: justify;\"><span style=\"font-family: arial,helvetica,sans-serif; font-size: 12px;\">Kolmas Eesti klubi &#8211; N\u00f5mme Rotary Klubi &#8211; asutati 21. aprillil 1936. aastal N\u00f5m\u00admel elava Tallinna RK liikme Juhan Kuke patronaa\u017ei all. Inauguratsioon viidi l\u00e4bi 26. aprillil 1937.a. 21. jaanuaril 1938.a v\u00f5eti klubi RI liikmeks numb\u00adri 4555 all. Charter-pidu peeti 9. aprillil 1938.a. Rotary Internationali esindas Juhan Kukk kui v\u00e4rske Rotary Internationali peaesindaja Balti riikides. Asutajaliikmete nimekirjas oli 20 meest. Klubi kogunes igal esmasp\u00e4eva \u00f5htul restoranis \u201cTalveaed\u201d.<\/span><\/p>\n<p style=\"text-align: justify;\"><span style=\"font-family: arial,helvetica,sans-serif; font-size: 12px;\">1940. aastal taheti asutada rotary<i>&#8211;<\/i>klubi ka Viljandisse. Organi\u00adsee\u00adri\u00admis\u00adko\u00admi\u00adtee eesotsas oli kohalik ETK direktor Mihkel Truus\u00f6\u00f6t.<\/span><\/p>\n<p style=\"text-align: justify;\"><span style=\"font-family: arial,helvetica,sans-serif; font-size: 12px;\">Meie piirkonnakaaslased soomlased j\u00f5udsid enne suurt s\u00f5da asutada 8 klubi: Helsinki \u201326.01.1927, Turu \u2013 15.06.1929, Viiburi \u2013 1931, Tampere \u2013 12.06.1933, Oulu \u2013 25.05.1934, Vaasa \u2013 03.12.1935, Pori \u2013 24.05.1938 ja H\u00e4meenlinna \u2013 20.01.1939.<\/span><\/p>\n<div style=\"text-align: justify;\"><span style=\"font-family: arial,helvetica,sans-serif; font-size: 12px;\">Olulisemad s\u00fcndmused s\u00f5jaeelsest perioodist olid veel:<\/span><\/div>\n<p style=\"text-align: justify;\"><span style=\"font-family: arial,helvetica,sans-serif; font-size: 12px;\"><b>1931<\/b> \u2013 Soome-Eesti rotary-p\u00e4evad Helsingis<\/span><\/p>\n<p style=\"text-align: justify;\"><span style=\"font-family: arial,helvetica,sans-serif; font-size: 12px;\"><b>15.02.1932<\/b> &#8211; USA konsul ja Tallinna RK organiseerimiskomitee liige, asutajaliige Harry E.Carlson sai Eestile osutatud humanitaarsete teenete eest Punase Risti II j\u00e4rgu I astme teenetem\u00e4rgi<\/span><\/p>\n<p style=\"text-align: justify;\"><span style=\"font-family: arial,helvetica,sans-serif; font-size: 12px;\"><b>19.-20.08.1932<\/b> \u2013 Eestit k\u00fclastas Rotary asutaja Paul Harris. Peatus Laidoneri m\u00f5isas Viimsis. P.Harris istutas 19.08. Kanuti aia parki tamme<\/span><\/p>\n<p style=\"text-align: justify;\"><span style=\"font-family: arial,helvetica,sans-serif; font-size: 12px;\"><b>19.-20.11.1932 &#8211; <\/b>Rootsi rotary-klubide kongressil osales Tallinna RK liige Helmut Schulmann<\/span><\/p>\n<p style=\"text-align: justify;\"><span style=\"font-family: arial,helvetica,sans-serif; font-size: 12px;\"><b>20.02.1933 \u2013 <\/b>Helsinki Rotary Klubipresident Paul Thorwallile omistati Valget\u00e4he teenetem\u00e4rgi V klassi medal<\/span><\/p>\n<p style=\"text-align: justify;\"><span style=\"font-family: arial,helvetica,sans-serif; font-size: 12px;\"><b>03.03.1933 <\/b>\u2013 klubi koosolekul kantakse ette klubile saabunud Paul Harrise Euroopa reisi aruanne, kus m\u00e4rgitakse Eesti ja Tallinna k\u00fclastuse h\u00e4id muljeid<\/span><\/p>\n<p style=\"text-align: justify;\"><span style=\"font-family: arial,helvetica,sans-serif; font-size: 12px;\"><b>24.06.1933<\/b> \u2013 Eesti-Soome-L\u00e4ti rotary-p\u00e4ev Tallinnas samaaegselt X \u00fcldlaulupeoga. Tervitus Tallinna RK president Joakim Puhkilt, Riia RK president P.Schubertilt, turu RK president K.Toivonenilt, Tartu RK sekret\u00e4r&nbsp;Hans M\u00e4nnikult, Honorary Comissioner Paul Thorwallilt ettekanne Rotary sihtidest ja praegustest \u00fclesannetest<\/span><\/p>\n<p style=\"text-align: justify;\"><span style=\"font-family: arial,helvetica,sans-serif; font-size: 12px;\"><b>24.02.1934 <\/b>\u2013 Eesti Vabariigi ja Rotary aastap\u00e4eva bankett. Tervituss\u00f5nad Klaus Scheelilt, vabariigi aastap\u00e4eva k\u00f5ne \u201eRiiklik iseseisvus ja vaimne kultuur\u201d Gottlieb Neylt, Rotary 29-nda aastap\u00e4eva k\u00f5ne Nikolai Nurmistelt, inglise-keelne tervitus banketti kaunistavaile daamidele Georg Toferilt, Ilmar Tannebaum kannab ette Honorary Commissioner Paul Thorwalli tervitustelegrammi. J\u00e4rgneb ball klubis \u201eCentum\u201d.<\/span><\/p>\n<p style=\"text-align: justify;\"><span style=\"font-family: arial,helvetica,sans-serif; font-size: 12px;\"><b>01.-03.06.1934<\/b> \u2013 osalemine P\u00f5hjamaade rotary-klubide kongressil Helsingis<\/span><\/p>\n<p style=\"text-align: justify;\"><span style=\"font-family: arial,helvetica,sans-serif; font-size: 12px;\"><b>22.-23.04.1936<\/b> \u2013 Eestit k\u00fclastas RI president Edward R. Johnson koos abikaasa, t\u00fctre ja pojaga ning RI Euroopa sekret\u00e4ri Alex O. Potteriga. Vastuv\u00f5tjaks oli Tallinna Rotary Klubi eesotsas president A. J\u00fcrmaniga. RI presidendile anti \u00fcle Valget\u00e4he teenetem\u00e4rgi V klassi medal ja Euroopa sekret\u00e4rile Eesti Punase Risti II j\u00e4rgu I astme teenetem\u00e4rk<\/span><\/p>\n<p style=\"text-align: justify;\"><span style=\"font-family: arial,helvetica,sans-serif; font-size: 12px;\"><b>23.-24.05.1936<\/b> \u2013 Eesti-L\u00e4ti-Leedu rotary-konverents Kaunases<\/span><\/p>\n<div style=\"text-align: justify;\"><span style=\"font-family: arial,helvetica,sans-serif; font-size: 12px;\"><b>17.10.1936 \u2013 <\/b>Rootsi klubide kuberner Trolle k\u00fclastab Tallinna<\/span><\/div>\n<p style=\"text-align: justify;\"><span style=\"font-family: arial,helvetica,sans-serif; font-size: 12px;\"><b>01.02.1937 <\/b>\u2013 USA konsul ja Tallinna RK organiseerimiskomitee liige, asutajaliige Harry E.Carlson lahkub Eestist Balti ekspressiga, kell 19 on Tartu RK liikmete h\u00fcvastij\u00e4tt Tartu raudteejaamas<\/span><\/p>\n<p style=\"text-align: justify;\"><span style=\"font-family: arial,helvetica,sans-serif; font-size: 12px;\"><b>16.06.1938 <\/b>\u2013 5. Balti rotary-kongress Riias. Eesti esindajaks oli Tallinna Rotary Klubi presidendiaastat alustav Karl Kornel. Arutati \u00fchise piirkonna ja rotary-ajakirja v\u00f5imalusi<\/span><\/p>\n<p style=\"text-align: justify;\"><span style=\"font-family: arial,helvetica,sans-serif; font-size: 12px;\"><b>02.-04.09.1938<\/b> \u2013 osalemine Rotary Euroopa piirkondlikul konverentsil Stockholmis<\/span><\/p>\n<p style=\"text-align: justify;\"><span style=\"font-family: arial,helvetica,sans-serif; font-size: 12px;\"><b>10.-11.09.1938 <\/b>\u2013 Eestit k\u00fclastas RI president Georg C. Hager abikaasaga. 10.09. kell 9 saabumine lennukiga Helsingist, Kehtna Majapidamiskooli k\u00fclastamine ja l\u00f5unas\u00f6\u00f6k, kell 22 \u00f5htus\u00f6\u00f6k Eesti rotariaanidega \u201eKuld L\u00f5vis\u201d. 11.09. tutvumine Tallinaga, kell 17 kellaviietee \u201eKuld L\u00f5vis\u201d koos daamidega, kell 21.30 \u00e4rasaatmine Balti jaamast<\/span><\/p>\n<div style=\"text-align: justify;\"><span style=\"font-family: arial,helvetica,sans-serif; font-size: 12px;\"><b>10.06.1939 <\/b>\u2013 Balti rotary-p\u00e4evad Kaunases \u00fcheaegselt Balti n\u00e4dalaga<\/span><\/div>\n<p style=\"text-align: justify;\"><span style=\"font-family: arial,helvetica,sans-serif; font-size: 12px;\"><b>18.-23.06.1939 <\/b>\u2013 Tallinna Rotary Klubi liige Paul Kogerman osales Rotary Internationali konvendil Clevelandis, USA<\/span><\/p>\n<p style=\"text-align: justify;\"><span style=\"font-family: arial,helvetica,sans-serif; font-size: 12px;\"><b>04.-05.11.1939 <\/b>\u2013 Balti rotary-klubide presidentide ja sekret\u00e4ride konverents Liepajas. Eesti klubisid esindas Tartu Rotary Klubi president prof Ludvig Puusepp<\/span><\/p>\n<p style=\"text-align: justify;\"><span style=\"font-family: arial,helvetica,sans-serif; font-size: 12px;\"><b>10.12.1939 <\/b>\u2013 Tallinna Rotary Klubi 10.-ndat aastap\u00e4eva t\u00e4histav pealel\u00f5una tee \u201eKuld L\u00f5vis\u201d<\/span><\/p>\n<p style=\"text-align: justify;\"><span style=\"font-family: arial,helvetica,sans-serif; font-size: 12px;\"><b>18.-24.02.1940 <\/b>\u2013 Rotary Internationali 35.-ndat aastap\u00e4eva t\u00e4histav \u00fcrituste n\u00e4dal<\/span><\/p>\n<p style=\"text-align: justify;\"><span style=\"font-family: arial,helvetica,sans-serif; font-size: 12px;\"><b>07.09.1940<\/b> \u2013 Tartu sisekaitse\u00fclema Paul Vihalema otsus nr 2064 Tartu-Valga prefekti 30.08. ettekande nr 46 p\u00f5hjal Tartu Rotary Klubi ja teiste Tartu organisatsioonide sulgemise kohta. Nende tegutsemine on vastuolus t\u00f6\u00f6tava rahva huvidega v\u00f5i tegevuse j\u00e4tkamine uues olukorras osutub \u00fclearuseks. Suletud organisatsioonide vara likvideeriti. Sarnaselt l\u00f5petati ka teiste klubide tegevus.<\/span><\/p>\n","protected":false},"excerpt":{"rendered":"<p>TALLINNA ROTARY KLUBI JA EESTI ROTARY-LIIKUMINE 13.12.1929 \u2013 1940 Esimene rotary-liikumisega seonduv daatum Eestis on 13. detsember 1929, mil loodi Tallinna Rotary Klubi 7-liikmeline organiseerimiskomitee koosseisus: 1. &nbsp;Ants Piip &#8211; riigivanem 1920 -1921, v\u00e4lisminister 1919 -1940 viiel korral, Eesti saadik USA-s 1923 -1925, Tartu \u00dclikooli rahvusvahelise \u00f5iguse professor; 2. &nbsp;Juhan Kukk &#8211; riigivanem 1922 -1923, [&hellip;]<\/p>\n","protected":false},"author":1,"featured_media":0,"parent":28,"menu_order":1,"comment_status":"open","ping_status":"open","template":"","meta":{"ngg_post_thumbnail":0,"footnotes":""},"class_list":["post-383","page","type-page","status-publish","hentry"],"yoast_head":"<!-- This site is optimized with the Yoast SEO plugin v24.2 - https:\/\/yoast.com\/wordpress\/plugins\/seo\/ -->\n<title>Ajalugu 1930-1940 - Tallinna Rotary Klubi<\/title>\n<meta name=\"robots\" content=\"index, follow, max-snippet:-1, max-image-preview:large, max-video-preview:-1\" \/>\n<link rel=\"canonical\" href=\"https:\/\/rotary.ee\/tallinn\/klubist\/singapuri-deklaratsioon\/ajalugu-1930-1940\/\" \/>\n<meta property=\"og:locale\" content=\"et_EE\" \/>\n<meta property=\"og:type\" content=\"article\" \/>\n<meta property=\"og:title\" content=\"Ajalugu 1930-1940 - Tallinna Rotary Klubi\" \/>\n<meta property=\"og:description\" content=\"TALLINNA ROTARY KLUBI JA EESTI ROTARY-LIIKUMINE 13.12.1929 \u2013 1940 Esimene rotary-liikumisega seonduv daatum Eestis on 13. detsember 1929, mil loodi Tallinna Rotary Klubi 7-liikmeline organiseerimiskomitee koosseisus: 1. &nbsp;Ants Piip &#8211; riigivanem 1920 -1921, v\u00e4lisminister 1919 -1940 viiel korral, Eesti saadik USA-s 1923 -1925, Tartu \u00dclikooli rahvusvahelise \u00f5iguse professor; 2. &nbsp;Juhan Kukk &#8211; riigivanem 1922 -1923, [&hellip;]\" \/>\n<meta property=\"og:url\" content=\"https:\/\/rotary.ee\/tallinn\/klubist\/singapuri-deklaratsioon\/ajalugu-1930-1940\/\" \/>\n<meta property=\"og:site_name\" content=\"Tallinna Rotary Klubi\" \/>\n<meta property=\"article:modified_time\" content=\"2024-10-19T12:43:44+00:00\" \/>\n<meta name=\"twitter:card\" content=\"summary_large_image\" \/>\n<meta name=\"twitter:label1\" content=\"Est. reading time\" \/>\n\t<meta name=\"twitter:data1\" content=\"6 minutit\" \/>\n<script type=\"application\/ld+json\" class=\"yoast-schema-graph\">{\"@context\":\"https:\/\/schema.org\",\"@graph\":[{\"@type\":\"WebPage\",\"@id\":\"https:\/\/rotary.ee\/tallinn\/klubist\/singapuri-deklaratsioon\/ajalugu-1930-1940\/\",\"url\":\"https:\/\/rotary.ee\/tallinn\/klubist\/singapuri-deklaratsioon\/ajalugu-1930-1940\/\",\"name\":\"Ajalugu 1930-1940 - Tallinna Rotary Klubi\",\"isPartOf\":{\"@id\":\"https:\/\/rotary.ee\/tallinn\/#website\"},\"datePublished\":\"2013-05-03T08:48:11+00:00\",\"dateModified\":\"2024-10-19T12:43:44+00:00\",\"breadcrumb\":{\"@id\":\"https:\/\/rotary.ee\/tallinn\/klubist\/singapuri-deklaratsioon\/ajalugu-1930-1940\/#breadcrumb\"},\"inLanguage\":\"et\",\"potentialAction\":[{\"@type\":\"ReadAction\",\"target\":[\"https:\/\/rotary.ee\/tallinn\/klubist\/singapuri-deklaratsioon\/ajalugu-1930-1940\/\"]}]},{\"@type\":\"BreadcrumbList\",\"@id\":\"https:\/\/rotary.ee\/tallinn\/klubist\/singapuri-deklaratsioon\/ajalugu-1930-1940\/#breadcrumb\",\"itemListElement\":[{\"@type\":\"ListItem\",\"position\":1,\"name\":\"Home\",\"item\":\"https:\/\/rotary.ee\/tallinn\/\"},{\"@type\":\"ListItem\",\"position\":2,\"name\":\"Klubist\",\"item\":\"https:\/\/rotary.ee\/tallinn\/klubist\/\"},{\"@type\":\"ListItem\",\"position\":3,\"name\":\"Ajalugu\",\"item\":\"https:\/\/rotary.ee\/tallinn\/klubist\/singapuri-deklaratsioon\/\"},{\"@type\":\"ListItem\",\"position\":4,\"name\":\"Ajalugu 1930-1940\"}]},{\"@type\":\"WebSite\",\"@id\":\"https:\/\/rotary.ee\/tallinn\/#website\",\"url\":\"https:\/\/rotary.ee\/tallinn\/\",\"name\":\"Tallinna Rotary Klubi\",\"description\":\"Tallinna Rotary Klubi\",\"publisher\":{\"@id\":\"https:\/\/rotary.ee\/tallinn\/#organization\"},\"potentialAction\":[{\"@type\":\"SearchAction\",\"target\":{\"@type\":\"EntryPoint\",\"urlTemplate\":\"https:\/\/rotary.ee\/tallinn\/?s={search_term_string}\"},\"query-input\":{\"@type\":\"PropertyValueSpecification\",\"valueRequired\":true,\"valueName\":\"search_term_string\"}}],\"inLanguage\":\"et\"},{\"@type\":\"Organization\",\"@id\":\"https:\/\/rotary.ee\/tallinn\/#organization\",\"name\":\"Tallinna Rotary Klubi\",\"url\":\"https:\/\/rotary.ee\/tallinn\/\",\"logo\":{\"@type\":\"ImageObject\",\"inLanguage\":\"et\",\"@id\":\"https:\/\/rotary.ee\/tallinn\/#\/schema\/logo\/image\/\",\"url\":\"https:\/\/rotary.ee\/tallinn\/wp-content\/uploads\/2024\/09\/Rotary-Logo_Tallinn-e1725572896108.png\",\"contentUrl\":\"https:\/\/rotary.ee\/tallinn\/wp-content\/uploads\/2024\/09\/Rotary-Logo_Tallinn-e1725572896108.png\",\"width\":1000,\"height\":1000,\"caption\":\"Tallinna Rotary Klubi\"},\"image\":{\"@id\":\"https:\/\/rotary.ee\/tallinn\/#\/schema\/logo\/image\/\"}}]}<\/script>\n<!-- \/ Yoast SEO plugin. -->","yoast_head_json":{"title":"Ajalugu 1930-1940 - Tallinna Rotary Klubi","robots":{"index":"index","follow":"follow","max-snippet":"max-snippet:-1","max-image-preview":"max-image-preview:large","max-video-preview":"max-video-preview:-1"},"canonical":"https:\/\/rotary.ee\/tallinn\/klubist\/singapuri-deklaratsioon\/ajalugu-1930-1940\/","og_locale":"et_EE","og_type":"article","og_title":"Ajalugu 1930-1940 - Tallinna Rotary Klubi","og_description":"TALLINNA ROTARY KLUBI JA EESTI ROTARY-LIIKUMINE 13.12.1929 \u2013 1940 Esimene rotary-liikumisega seonduv daatum Eestis on 13. detsember 1929, mil loodi Tallinna Rotary Klubi 7-liikmeline organiseerimiskomitee koosseisus: 1. &nbsp;Ants Piip &#8211; riigivanem 1920 -1921, v\u00e4lisminister 1919 -1940 viiel korral, Eesti saadik USA-s 1923 -1925, Tartu \u00dclikooli rahvusvahelise \u00f5iguse professor; 2. &nbsp;Juhan Kukk &#8211; riigivanem 1922 -1923, [&hellip;]","og_url":"https:\/\/rotary.ee\/tallinn\/klubist\/singapuri-deklaratsioon\/ajalugu-1930-1940\/","og_site_name":"Tallinna Rotary Klubi","article_modified_time":"2024-10-19T12:43:44+00:00","twitter_card":"summary_large_image","twitter_misc":{"Est. reading time":"6 minutit"},"schema":{"@context":"https:\/\/schema.org","@graph":[{"@type":"WebPage","@id":"https:\/\/rotary.ee\/tallinn\/klubist\/singapuri-deklaratsioon\/ajalugu-1930-1940\/","url":"https:\/\/rotary.ee\/tallinn\/klubist\/singapuri-deklaratsioon\/ajalugu-1930-1940\/","name":"Ajalugu 1930-1940 - Tallinna Rotary Klubi","isPartOf":{"@id":"https:\/\/rotary.ee\/tallinn\/#website"},"datePublished":"2013-05-03T08:48:11+00:00","dateModified":"2024-10-19T12:43:44+00:00","breadcrumb":{"@id":"https:\/\/rotary.ee\/tallinn\/klubist\/singapuri-deklaratsioon\/ajalugu-1930-1940\/#breadcrumb"},"inLanguage":"et","potentialAction":[{"@type":"ReadAction","target":["https:\/\/rotary.ee\/tallinn\/klubist\/singapuri-deklaratsioon\/ajalugu-1930-1940\/"]}]},{"@type":"BreadcrumbList","@id":"https:\/\/rotary.ee\/tallinn\/klubist\/singapuri-deklaratsioon\/ajalugu-1930-1940\/#breadcrumb","itemListElement":[{"@type":"ListItem","position":1,"name":"Home","item":"https:\/\/rotary.ee\/tallinn\/"},{"@type":"ListItem","position":2,"name":"Klubist","item":"https:\/\/rotary.ee\/tallinn\/klubist\/"},{"@type":"ListItem","position":3,"name":"Ajalugu","item":"https:\/\/rotary.ee\/tallinn\/klubist\/singapuri-deklaratsioon\/"},{"@type":"ListItem","position":4,"name":"Ajalugu 1930-1940"}]},{"@type":"WebSite","@id":"https:\/\/rotary.ee\/tallinn\/#website","url":"https:\/\/rotary.ee\/tallinn\/","name":"Tallinna Rotary Klubi","description":"Tallinna Rotary Klubi","publisher":{"@id":"https:\/\/rotary.ee\/tallinn\/#organization"},"potentialAction":[{"@type":"SearchAction","target":{"@type":"EntryPoint","urlTemplate":"https:\/\/rotary.ee\/tallinn\/?s={search_term_string}"},"query-input":{"@type":"PropertyValueSpecification","valueRequired":true,"valueName":"search_term_string"}}],"inLanguage":"et"},{"@type":"Organization","@id":"https:\/\/rotary.ee\/tallinn\/#organization","name":"Tallinna Rotary Klubi","url":"https:\/\/rotary.ee\/tallinn\/","logo":{"@type":"ImageObject","inLanguage":"et","@id":"https:\/\/rotary.ee\/tallinn\/#\/schema\/logo\/image\/","url":"https:\/\/rotary.ee\/tallinn\/wp-content\/uploads\/2024\/09\/Rotary-Logo_Tallinn-e1725572896108.png","contentUrl":"https:\/\/rotary.ee\/tallinn\/wp-content\/uploads\/2024\/09\/Rotary-Logo_Tallinn-e1725572896108.png","width":1000,"height":1000,"caption":"Tallinna Rotary Klubi"},"image":{"@id":"https:\/\/rotary.ee\/tallinn\/#\/schema\/logo\/image\/"}}]}},"_links":{"self":[{"href":"https:\/\/rotary.ee\/tallinn\/wp-json\/wp\/v2\/pages\/383","targetHints":{"allow":["GET"]}}],"collection":[{"href":"https:\/\/rotary.ee\/tallinn\/wp-json\/wp\/v2\/pages"}],"about":[{"href":"https:\/\/rotary.ee\/tallinn\/wp-json\/wp\/v2\/types\/page"}],"author":[{"embeddable":true,"href":"https:\/\/rotary.ee\/tallinn\/wp-json\/wp\/v2\/users\/1"}],"replies":[{"embeddable":true,"href":"https:\/\/rotary.ee\/tallinn\/wp-json\/wp\/v2\/comments?post=383"}],"version-history":[{"count":4,"href":"https:\/\/rotary.ee\/tallinn\/wp-json\/wp\/v2\/pages\/383\/revisions"}],"predecessor-version":[{"id":3603,"href":"https:\/\/rotary.ee\/tallinn\/wp-json\/wp\/v2\/pages\/383\/revisions\/3603"}],"up":[{"embeddable":true,"href":"https:\/\/rotary.ee\/tallinn\/wp-json\/wp\/v2\/pages\/28"}],"wp:attachment":[{"href":"https:\/\/rotary.ee\/tallinn\/wp-json\/wp\/v2\/media?parent=383"}],"curies":[{"name":"wp","href":"https:\/\/api.w.org\/{rel}","templated":true}]}}