{"id":184,"date":"2013-03-12T09:52:02","date_gmt":"2013-03-12T09:52:02","guid":{"rendered":"http:\/\/ns1.web2.ee\/~rotary\/?page_id=184"},"modified":"2025-07-04T10:04:29","modified_gmt":"2025-07-04T07:04:29","slug":"klubi-louna","status":"publish","type":"page","link":"https:\/\/rotary.ee\/tallinn\/klubist\/klubi-louna\/","title":{"rendered":"Klubil\u00f5una"},"content":{"rendered":"<table style=\"width: 631px; height: 257px;\" border=\"0\">\n<tbody>\n<tr>\n<td><a href=\"https:\/\/rotary.ee\/tallinn\/wp-content\/uploads\/2013\/03\/Palace.jpg\"><img loading=\"lazy\" decoding=\"async\" class=\"alignnone size-medium wp-image-1593\" src=\"https:\/\/rotary.ee\/tallinn\/wp-content\/uploads\/2013\/03\/Palace-300x150.jpg\" alt=\"Palace\" width=\"300\" height=\"150\" srcset=\"https:\/\/rotary.ee\/tallinn\/wp-content\/uploads\/2013\/03\/Palace-300x150.jpg 300w, https:\/\/rotary.ee\/tallinn\/wp-content\/uploads\/2013\/03\/Palace-150x75.jpg 150w, https:\/\/rotary.ee\/tallinn\/wp-content\/uploads\/2013\/03\/Palace-1024x512.jpg 1024w, https:\/\/rotary.ee\/tallinn\/wp-content\/uploads\/2013\/03\/Palace.jpg 1280w\" sizes=\"auto, (max-width: 300px) 100vw, 300px\" \/><\/a><\/td>\n<td><span style=\"font-size: 14px;\"><strong>Hotell Palace<\/strong><\/span><\/p>\n<p><span style=\"font-size: 14px;\"><strong>Vabaduse v\u00e4ljak 3&nbsp;<\/strong><\/span><\/p>\n<p><span style=\"font-size: 14px;\"><strong>10141 Tallinn<\/strong><\/span><\/p>\n<p><span style=\"font-size: 14px;\"><strong>Neljap\u00e4ev, kell 17.00 <\/strong><\/span><\/p>\n<p><span style=\"font-size: 14px;\"><strong>Thursday, at 17.00<\/strong><\/span><\/p>\n<p>&nbsp;<\/td>\n<\/tr>\n<\/tbody>\n<\/table>\n","protected":false},"excerpt":{"rendered":"<p>Hotell Palace<br \/>\nVabaduse v\u00e4ljak 3<br \/>\n10141 Tallinn<br \/>\nNeljap\u00e4ev, kell 17.00<br \/>\nThursday, at 17.00<\/p>\n","protected":false},"author":1,"featured_media":1593,"parent":48,"menu_order":6,"comment_status":"open","ping_status":"open","template":"","meta":{"ngg_post_thumbnail":0,"footnotes":""},"class_list":["post-184","page","type-page","status-publish","has-post-thumbnail","hentry"],"yoast_head":"<!-- This site is optimized with the Yoast SEO plugin v24.2 - https:\/\/yoast.com\/wordpress\/plugins\/seo\/ -->\n<title>Klubil\u00f5una - Tallinna Rotary Klubi<\/title>\n<meta name=\"robots\" content=\"index, follow, max-snippet:-1, max-image-preview:large, max-video-preview:-1\" \/>\n<link rel=\"canonical\" href=\"https:\/\/rotary.ee\/tallinn\/klubist\/klubi-louna\/\" \/>\n<meta property=\"og:locale\" content=\"et_EE\" \/>\n<meta property=\"og:type\" content=\"article\" \/>\n<meta property=\"og:title\" content=\"Klubil\u00f5una - Tallinna Rotary Klubi\" \/>\n<meta property=\"og:description\" content=\"Hotell Palace Vabaduse v\u00e4ljak 3  10141 Tallinn Neljap\u00e4ev, kell 17.00 Thursday, at 17.00\" \/>\n<meta property=\"og:url\" content=\"https:\/\/rotary.ee\/tallinn\/klubist\/klubi-louna\/\" \/>\n<meta property=\"og:site_name\" content=\"Tallinna Rotary Klubi\" \/>\n<meta property=\"article:modified_time\" content=\"2025-07-04T07:04:29+00:00\" \/>\n<meta property=\"og:image\" content=\"https:\/\/rotary.ee\/tallinn\/wp-content\/uploads\/2013\/03\/Palace.jpg\" \/>\n\t<meta property=\"og:image:width\" content=\"1280\" \/>\n\t<meta property=\"og:image:height\" content=\"640\" \/>\n\t<meta property=\"og:image:type\" content=\"image\/jpeg\" \/>\n<meta name=\"twitter:card\" content=\"summary_large_image\" \/>\n<meta name=\"twitter:label1\" content=\"Est. reading time\" \/>\n\t<meta name=\"twitter:data1\" content=\"1 minut\" \/>\n<script type=\"application\/ld+json\" class=\"yoast-schema-graph\">{\"@context\":\"https:\/\/schema.org\",\"@graph\":[{\"@type\":\"WebPage\",\"@id\":\"https:\/\/rotary.ee\/tallinn\/klubist\/klubi-louna\/\",\"url\":\"https:\/\/rotary.ee\/tallinn\/klubist\/klubi-louna\/\",\"name\":\"Klubil\u00f5una - Tallinna Rotary Klubi\",\"isPartOf\":{\"@id\":\"https:\/\/rotary.ee\/tallinn\/#website\"},\"primaryImageOfPage\":{\"@id\":\"https:\/\/rotary.ee\/tallinn\/klubist\/klubi-louna\/#primaryimage\"},\"image\":{\"@id\":\"https:\/\/rotary.ee\/tallinn\/klubist\/klubi-louna\/#primaryimage\"},\"thumbnailUrl\":\"https:\/\/rotary.ee\/tallinn\/wp-content\/uploads\/2013\/03\/Palace.jpg\",\"datePublished\":\"2013-03-12T09:52:02+00:00\",\"dateModified\":\"2025-07-04T07:04:29+00:00\",\"breadcrumb\":{\"@id\":\"https:\/\/rotary.ee\/tallinn\/klubist\/klubi-louna\/#breadcrumb\"},\"inLanguage\":\"et\",\"potentialAction\":[{\"@type\":\"ReadAction\",\"target\":[\"https:\/\/rotary.ee\/tallinn\/klubist\/klubi-louna\/\"]}]},{\"@type\":\"ImageObject\",\"inLanguage\":\"et\",\"@id\":\"https:\/\/rotary.ee\/tallinn\/klubist\/klubi-louna\/#primaryimage\",\"url\":\"https:\/\/rotary.ee\/tallinn\/wp-content\/uploads\/2013\/03\/Palace.jpg\",\"contentUrl\":\"https:\/\/rotary.ee\/tallinn\/wp-content\/uploads\/2013\/03\/Palace.jpg\",\"width\":1280,\"height\":640},{\"@type\":\"BreadcrumbList\",\"@id\":\"https:\/\/rotary.ee\/tallinn\/klubist\/klubi-louna\/#breadcrumb\",\"itemListElement\":[{\"@type\":\"ListItem\",\"position\":1,\"name\":\"Home\",\"item\":\"https:\/\/rotary.ee\/tallinn\/\"},{\"@type\":\"ListItem\",\"position\":2,\"name\":\"Klubist\",\"item\":\"https:\/\/rotary.ee\/tallinn\/klubist\/\"},{\"@type\":\"ListItem\",\"position\":3,\"name\":\"Klubil\u00f5una\"}]},{\"@type\":\"WebSite\",\"@id\":\"https:\/\/rotary.ee\/tallinn\/#website\",\"url\":\"https:\/\/rotary.ee\/tallinn\/\",\"name\":\"Tallinna Rotary Klubi\",\"description\":\"Tallinna Rotary Klubi\",\"publisher\":{\"@id\":\"https:\/\/rotary.ee\/tallinn\/#organization\"},\"potentialAction\":[{\"@type\":\"SearchAction\",\"target\":{\"@type\":\"EntryPoint\",\"urlTemplate\":\"https:\/\/rotary.ee\/tallinn\/?s={search_term_string}\"},\"query-input\":{\"@type\":\"PropertyValueSpecification\",\"valueRequired\":true,\"valueName\":\"search_term_string\"}}],\"inLanguage\":\"et\"},{\"@type\":\"Organization\",\"@id\":\"https:\/\/rotary.ee\/tallinn\/#organization\",\"name\":\"Tallinna Rotary Klubi\",\"url\":\"https:\/\/rotary.ee\/tallinn\/\",\"logo\":{\"@type\":\"ImageObject\",\"inLanguage\":\"et\",\"@id\":\"https:\/\/rotary.ee\/tallinn\/#\/schema\/logo\/image\/\",\"url\":\"https:\/\/rotary.ee\/tallinn\/wp-content\/uploads\/2024\/09\/Rotary-Logo_Tallinn-e1725572896108.png\",\"contentUrl\":\"https:\/\/rotary.ee\/tallinn\/wp-content\/uploads\/2024\/09\/Rotary-Logo_Tallinn-e1725572896108.png\",\"width\":1000,\"height\":1000,\"caption\":\"Tallinna Rotary Klubi\"},\"image\":{\"@id\":\"https:\/\/rotary.ee\/tallinn\/#\/schema\/logo\/image\/\"}}]}<\/script>\n<!-- \/ Yoast SEO plugin. -->","yoast_head_json":{"title":"Klubil\u00f5una - Tallinna Rotary Klubi","robots":{"index":"index","follow":"follow","max-snippet":"max-snippet:-1","max-image-preview":"max-image-preview:large","max-video-preview":"max-video-preview:-1"},"canonical":"https:\/\/rotary.ee\/tallinn\/klubist\/klubi-louna\/","og_locale":"et_EE","og_type":"article","og_title":"Klubil\u00f5una - Tallinna Rotary Klubi","og_description":"Hotell Palace Vabaduse v\u00e4ljak 3  10141 Tallinn Neljap\u00e4ev, kell 17.00 Thursday, at 17.00","og_url":"https:\/\/rotary.ee\/tallinn\/klubist\/klubi-louna\/","og_site_name":"Tallinna Rotary Klubi","article_modified_time":"2025-07-04T07:04:29+00:00","og_image":[{"width":1280,"height":640,"url":"https:\/\/rotary.ee\/tallinn\/wp-content\/uploads\/2013\/03\/Palace.jpg","type":"image\/jpeg"}],"twitter_card":"summary_large_image","twitter_misc":{"Est. reading time":"1 minut"},"schema":{"@context":"https:\/\/schema.org","@graph":[{"@type":"WebPage","@id":"https:\/\/rotary.ee\/tallinn\/klubist\/klubi-louna\/","url":"https:\/\/rotary.ee\/tallinn\/klubist\/klubi-louna\/","name":"Klubil\u00f5una - Tallinna Rotary Klubi","isPartOf":{"@id":"https:\/\/rotary.ee\/tallinn\/#website"},"primaryImageOfPage":{"@id":"https:\/\/rotary.ee\/tallinn\/klubist\/klubi-louna\/#primaryimage"},"image":{"@id":"https:\/\/rotary.ee\/tallinn\/klubist\/klubi-louna\/#primaryimage"},"thumbnailUrl":"https:\/\/rotary.ee\/tallinn\/wp-content\/uploads\/2013\/03\/Palace.jpg","datePublished":"2013-03-12T09:52:02+00:00","dateModified":"2025-07-04T07:04:29+00:00","breadcrumb":{"@id":"https:\/\/rotary.ee\/tallinn\/klubist\/klubi-louna\/#breadcrumb"},"inLanguage":"et","potentialAction":[{"@type":"ReadAction","target":["https:\/\/rotary.ee\/tallinn\/klubist\/klubi-louna\/"]}]},{"@type":"ImageObject","inLanguage":"et","@id":"https:\/\/rotary.ee\/tallinn\/klubist\/klubi-louna\/#primaryimage","url":"https:\/\/rotary.ee\/tallinn\/wp-content\/uploads\/2013\/03\/Palace.jpg","contentUrl":"https:\/\/rotary.ee\/tallinn\/wp-content\/uploads\/2013\/03\/Palace.jpg","width":1280,"height":640},{"@type":"BreadcrumbList","@id":"https:\/\/rotary.ee\/tallinn\/klubist\/klubi-louna\/#breadcrumb","itemListElement":[{"@type":"ListItem","position":1,"name":"Home","item":"https:\/\/rotary.ee\/tallinn\/"},{"@type":"ListItem","position":2,"name":"Klubist","item":"https:\/\/rotary.ee\/tallinn\/klubist\/"},{"@type":"ListItem","position":3,"name":"Klubil\u00f5una"}]},{"@type":"WebSite","@id":"https:\/\/rotary.ee\/tallinn\/#website","url":"https:\/\/rotary.ee\/tallinn\/","name":"Tallinna Rotary Klubi","description":"Tallinna Rotary Klubi","publisher":{"@id":"https:\/\/rotary.ee\/tallinn\/#organization"},"potentialAction":[{"@type":"SearchAction","target":{"@type":"EntryPoint","urlTemplate":"https:\/\/rotary.ee\/tallinn\/?s={search_term_string}"},"query-input":{"@type":"PropertyValueSpecification","valueRequired":true,"valueName":"search_term_string"}}],"inLanguage":"et"},{"@type":"Organization","@id":"https:\/\/rotary.ee\/tallinn\/#organization","name":"Tallinna Rotary Klubi","url":"https:\/\/rotary.ee\/tallinn\/","logo":{"@type":"ImageObject","inLanguage":"et","@id":"https:\/\/rotary.ee\/tallinn\/#\/schema\/logo\/image\/","url":"https:\/\/rotary.ee\/tallinn\/wp-content\/uploads\/2024\/09\/Rotary-Logo_Tallinn-e1725572896108.png","contentUrl":"https:\/\/rotary.ee\/tallinn\/wp-content\/uploads\/2024\/09\/Rotary-Logo_Tallinn-e1725572896108.png","width":1000,"height":1000,"caption":"Tallinna Rotary Klubi"},"image":{"@id":"https:\/\/rotary.ee\/tallinn\/#\/schema\/logo\/image\/"}}]}},"_links":{"self":[{"href":"https:\/\/rotary.ee\/tallinn\/wp-json\/wp\/v2\/pages\/184","targetHints":{"allow":["GET"]}}],"collection":[{"href":"https:\/\/rotary.ee\/tallinn\/wp-json\/wp\/v2\/pages"}],"about":[{"href":"https:\/\/rotary.ee\/tallinn\/wp-json\/wp\/v2\/types\/page"}],"author":[{"embeddable":true,"href":"https:\/\/rotary.ee\/tallinn\/wp-json\/wp\/v2\/users\/1"}],"replies":[{"embeddable":true,"href":"https:\/\/rotary.ee\/tallinn\/wp-json\/wp\/v2\/comments?post=184"}],"version-history":[{"count":50,"href":"https:\/\/rotary.ee\/tallinn\/wp-json\/wp\/v2\/pages\/184\/revisions"}],"predecessor-version":[{"id":3799,"href":"https:\/\/rotary.ee\/tallinn\/wp-json\/wp\/v2\/pages\/184\/revisions\/3799"}],"up":[{"embeddable":true,"href":"https:\/\/rotary.ee\/tallinn\/wp-json\/wp\/v2\/pages\/48"}],"wp:featuredmedia":[{"embeddable":true,"href":"https:\/\/rotary.ee\/tallinn\/wp-json\/wp\/v2\/media\/1593"}],"wp:attachment":[{"href":"https:\/\/rotary.ee\/tallinn\/wp-json\/wp\/v2\/media?parent=184"}],"curies":[{"name":"wp","href":"https:\/\/api.w.org\/{rel}","templated":true}]}}